{"id":400,"date":"2023-11-22T17:37:12","date_gmt":"2023-11-22T17:37:12","guid":{"rendered":"https:\/\/drajanainacaldas.com.br\/?page_id=400"},"modified":"2023-12-01T14:10:07","modified_gmt":"2023-12-01T14:10:07","slug":"dra-janaina-caldas-longevidade","status":"publish","type":"page","link":"https:\/\/drajanainacaldas.com.br\/?page_id=400","title":{"rendered":"Dra. Jana\u00edna Caldas | Longevidade"},"content":{"rendered":"\t\t<div data-elementor-type=\"wp-page\" data-elementor-id=\"400\" class=\"elementor elementor-400\" data-elementor-post-type=\"page\">\n\t\t\t\t<div class=\"elementor-element elementor-element-2594eff0 e-flex e-con-boxed e-con e-parent\" data-id=\"2594eff0\" data-element_type=\"container\" data-e-type=\"container\" data-settings=\"{&quot;background_background&quot;:&quot;classic&quot;}\">\n\t\t\t\t\t<div class=\"e-con-inner\">\n\t\t\t\t\t<\/div>\n\t\t\t\t<\/div>\n\t\t<div class=\"elementor-element elementor-element-1fefef87 e-flex e-con-boxed e-con e-parent\" data-id=\"1fefef87\" data-element_type=\"container\" data-e-type=\"container\">\n\t\t\t\t\t<div class=\"e-con-inner\">\n\t\t\t\t<div class=\"elementor-element elementor-element-1f1018e5 elementor-widget elementor-widget-image\" data-id=\"1f1018e5\" data-element_type=\"widget\" data-e-type=\"widget\" data-widget_type=\"image.default\">\n\t\t\t\t<div class=\"elementor-widget-container\">\n\t\t\t\t\t\t\t\t\t\t\t\t\t\t\t<img fetchpriority=\"high\" decoding=\"async\" width=\"800\" height=\"352\" src=\"https:\/\/drajanainacaldas.com.br\/wp-content\/uploads\/2023\/11\/06-1024x451.png\" class=\"attachment-large size-large wp-image-436\" alt=\"\" srcset=\"https:\/\/drajanainacaldas.com.br\/wp-content\/uploads\/2023\/11\/06-1024x451.png 1024w, https:\/\/drajanainacaldas.com.br\/wp-content\/uploads\/2023\/11\/06-300x132.png 300w, https:\/\/drajanainacaldas.com.br\/wp-content\/uploads\/2023\/11\/06-768x338.png 768w, https:\/\/drajanainacaldas.com.br\/wp-content\/uploads\/2023\/11\/06-1536x677.png 1536w, https:\/\/drajanainacaldas.com.br\/wp-content\/uploads\/2023\/11\/06.png 1561w\" sizes=\"(max-width: 800px) 100vw, 800px\" \/>\t\t\t\t\t\t\t\t\t\t\t\t\t\t\t<\/div>\n\t\t\t\t<\/div>\n\t\t\t\t\t<\/div>\n\t\t\t\t<\/div>\n\t\t<div class=\"elementor-element elementor-element-7354a17d e-flex e-con-boxed e-con e-parent\" data-id=\"7354a17d\" data-element_type=\"container\" data-e-type=\"container\">\n\t\t\t\t\t<div class=\"e-con-inner\">\n\t\t\t\t<div class=\"elementor-element elementor-element-37354ce0 elementor-widget elementor-widget-heading\" data-id=\"37354ce0\" data-element_type=\"widget\" data-e-type=\"widget\" data-widget_type=\"heading.default\">\n\t\t\t\t<div class=\"elementor-widget-container\">\n\t\t\t\t\t<h2 class=\"elementor-heading-title elementor-size-default\">LONGEVIDADE<\/h2>\t\t\t\t<\/div>\n\t\t\t\t<\/div>\n\t\t\t\t\t<\/div>\n\t\t\t\t<\/div>\n\t\t<div class=\"elementor-element elementor-element-715e36d2 e-flex e-con-boxed e-con e-parent\" data-id=\"715e36d2\" data-element_type=\"container\" data-e-type=\"container\">\n\t\t\t\t\t<div class=\"e-con-inner\">\n\t\t\t\t<div class=\"elementor-element elementor-element-27b031ee elementor-widget elementor-widget-text-editor\" data-id=\"27b031ee\" data-element_type=\"widget\" data-e-type=\"widget\" data-widget_type=\"text-editor.default\">\n\t\t\t\t<div class=\"elementor-widget-container\">\n\t\t\t\t\t\t\t\t\t<p>A longevidade, o desejo de viver uma vida longa e saud\u00e1vel, tem sido um anseio humano ao longo da hist\u00f3ria. Atualmente, com avan\u00e7os na medicina, ci\u00eancia e compreens\u00e3o dos h\u00e1bitos de vida saud\u00e1veis, alcan\u00e7ar uma vida longa e pr\u00f3spera tornou-se mais vi\u00e1vel do que nunca.<\/p><p>A longevidade n\u00e3o se trata apenas de viver mais, mas de viver melhor. \u00c9 sobre qualidade de vida, bem-estar f\u00edsico e mental ao longo dos anos. Uma abordagem hol\u00edstica que integra cuidados m\u00e9dicos, nutri\u00e7\u00e3o adequada, atividade f\u00edsica regular, sa\u00fade mental e relacionamentos significativos desempenha um papel fundamental nesse processo.<\/p><p>A medicina preventiva desempenha um papel crucial na busca pela longevidade. Fatores como monitoramento regular da sa\u00fade, exames preventivos e ado\u00e7\u00e3o de h\u00e1bitos saud\u00e1veis podem ajudar a identificar e tratar precocemente condi\u00e7\u00f5es de sa\u00fade, promovendo uma vida mais longa e com mais qualidade.<\/p>\t\t\t\t\t\t\t\t<\/div>\n\t\t\t\t<\/div>\n\t\t\t\t\t<\/div>\n\t\t\t\t<\/div>\n\t\t<div class=\"elementor-element elementor-element-76680fd9 e-flex e-con-boxed e-con e-parent\" data-id=\"76680fd9\" data-element_type=\"container\" data-e-type=\"container\" data-settings=\"{&quot;background_background&quot;:&quot;classic&quot;}\">\n\t\t\t\t\t<div class=\"e-con-inner\">\n\t\t<div class=\"elementor-element elementor-element-34ccb1eb e-con-full e-flex e-con e-child\" data-id=\"34ccb1eb\" data-element_type=\"container\" data-e-type=\"container\">\n\t\t\t\t<div class=\"elementor-element elementor-element-5fabc8ee elementor-widget elementor-widget-image\" data-id=\"5fabc8ee\" data-element_type=\"widget\" data-e-type=\"widget\" data-widget_type=\"image.default\">\n\t\t\t\t<div class=\"elementor-widget-container\">\n\t\t\t\t\t\t\t\t\t\t\t\t\t\t\t<img decoding=\"async\" width=\"800\" height=\"800\" src=\"https:\/\/drajanainacaldas.com.br\/wp-content\/uploads\/2023\/11\/51-1024x1024.png\" class=\"attachment-large size-large wp-image-507\" alt=\"\" srcset=\"https:\/\/drajanainacaldas.com.br\/wp-content\/uploads\/2023\/11\/51-1024x1024.png 1024w, https:\/\/drajanainacaldas.com.br\/wp-content\/uploads\/2023\/11\/51-300x300.png 300w, https:\/\/drajanainacaldas.com.br\/wp-content\/uploads\/2023\/11\/51-150x150.png 150w, https:\/\/drajanainacaldas.com.br\/wp-content\/uploads\/2023\/11\/51-768x769.png 768w, https:\/\/drajanainacaldas.com.br\/wp-content\/uploads\/2023\/11\/51.png 1031w\" sizes=\"(max-width: 800px) 100vw, 800px\" \/>\t\t\t\t\t\t\t\t\t\t\t\t\t\t\t<\/div>\n\t\t\t\t<\/div>\n\t\t\t\t<\/div>\n\t\t<div class=\"elementor-element elementor-element-36f4658a e-con-full e-flex e-con e-child\" data-id=\"36f4658a\" data-element_type=\"container\" data-e-type=\"container\">\n\t\t\t\t<div class=\"elementor-element elementor-element-6adc790 elementor-widget elementor-widget-image\" data-id=\"6adc790\" data-element_type=\"widget\" data-e-type=\"widget\" data-widget_type=\"image.default\">\n\t\t\t\t<div class=\"elementor-widget-container\">\n\t\t\t\t\t\t\t\t\t\t\t\t\t\t\t<img decoding=\"async\" width=\"800\" height=\"800\" src=\"https:\/\/drajanainacaldas.com.br\/wp-content\/uploads\/2023\/11\/53-1024x1024.png\" class=\"attachment-large size-large wp-image-509\" alt=\"\" srcset=\"https:\/\/drajanainacaldas.com.br\/wp-content\/uploads\/2023\/11\/53-1024x1024.png 1024w, https:\/\/drajanainacaldas.com.br\/wp-content\/uploads\/2023\/11\/53-300x300.png 300w, https:\/\/drajanainacaldas.com.br\/wp-content\/uploads\/2023\/11\/53-150x150.png 150w, https:\/\/drajanainacaldas.com.br\/wp-content\/uploads\/2023\/11\/53-768x768.png 768w, https:\/\/drajanainacaldas.com.br\/wp-content\/uploads\/2023\/11\/53.png 1031w\" sizes=\"(max-width: 800px) 100vw, 800px\" \/>\t\t\t\t\t\t\t\t\t\t\t\t\t\t\t<\/div>\n\t\t\t\t<\/div>\n\t\t\t\t<\/div>\n\t\t<div class=\"elementor-element elementor-element-7f981207 e-con-full e-flex e-con e-child\" data-id=\"7f981207\" data-element_type=\"container\" data-e-type=\"container\">\n\t\t\t\t<div class=\"elementor-element elementor-element-5bde4d20 elementor-widget elementor-widget-image\" data-id=\"5bde4d20\" data-element_type=\"widget\" data-e-type=\"widget\" data-widget_type=\"image.default\">\n\t\t\t\t<div class=\"elementor-widget-container\">\n\t\t\t\t\t\t\t\t\t\t\t\t\t\t\t<img loading=\"lazy\" decoding=\"async\" width=\"800\" height=\"800\" src=\"https:\/\/drajanainacaldas.com.br\/wp-content\/uploads\/2023\/11\/54-1024x1024.png\" class=\"attachment-large size-large wp-image-510\" alt=\"\" srcset=\"https:\/\/drajanainacaldas.com.br\/wp-content\/uploads\/2023\/11\/54-1024x1024.png 1024w, https:\/\/drajanainacaldas.com.br\/wp-content\/uploads\/2023\/11\/54-300x300.png 300w, https:\/\/drajanainacaldas.com.br\/wp-content\/uploads\/2023\/11\/54-150x150.png 150w, https:\/\/drajanainacaldas.com.br\/wp-content\/uploads\/2023\/11\/54-768x768.png 768w, https:\/\/drajanainacaldas.com.br\/wp-content\/uploads\/2023\/11\/54.png 1031w\" sizes=\"(max-width: 800px) 100vw, 800px\" \/>\t\t\t\t\t\t\t\t\t\t\t\t\t\t\t<\/div>\n\t\t\t\t<\/div>\n\t\t\t\t<\/div>\n\t\t<div class=\"elementor-element elementor-element-536ef3b7 e-con-full e-flex e-con e-child\" data-id=\"536ef3b7\" data-element_type=\"container\" data-e-type=\"container\">\n\t\t\t\t<div class=\"elementor-element elementor-element-52709f50 elementor-widget elementor-widget-image\" data-id=\"52709f50\" data-element_type=\"widget\" data-e-type=\"widget\" data-widget_type=\"image.default\">\n\t\t\t\t<div class=\"elementor-widget-container\">\n\t\t\t\t\t\t\t\t\t\t\t\t\t\t\t<img loading=\"lazy\" decoding=\"async\" width=\"800\" height=\"800\" src=\"https:\/\/drajanainacaldas.com.br\/wp-content\/uploads\/2023\/11\/52-1024x1024.png\" class=\"attachment-large size-large wp-image-508\" alt=\"\" srcset=\"https:\/\/drajanainacaldas.com.br\/wp-content\/uploads\/2023\/11\/52-1024x1024.png 1024w, https:\/\/drajanainacaldas.com.br\/wp-content\/uploads\/2023\/11\/52-300x300.png 300w, https:\/\/drajanainacaldas.com.br\/wp-content\/uploads\/2023\/11\/52-150x150.png 150w, https:\/\/drajanainacaldas.com.br\/wp-content\/uploads\/2023\/11\/52-768x769.png 768w, https:\/\/drajanainacaldas.com.br\/wp-content\/uploads\/2023\/11\/52.png 1031w\" sizes=\"(max-width: 800px) 100vw, 800px\" \/>\t\t\t\t\t\t\t\t\t\t\t\t\t\t\t<\/div>\n\t\t\t\t<\/div>\n\t\t\t\t<\/div>\n\t\t\t\t\t<\/div>\n\t\t\t\t<\/div>\n\t\t<div class=\"elementor-element elementor-element-2c418202 e-flex e-con-boxed e-con e-parent\" data-id=\"2c418202\" data-element_type=\"container\" data-e-type=\"container\">\n\t\t\t\t\t<div class=\"e-con-inner\">\n\t\t\t\t<div class=\"elementor-element elementor-element-6750e2bd elementor-widget elementor-widget-text-editor\" data-id=\"6750e2bd\" data-element_type=\"widget\" data-e-type=\"widget\" data-widget_type=\"text-editor.default\">\n\t\t\t\t<div class=\"elementor-widget-container\">\n\t\t\t\t\t\t\t\t\t<p>A import\u00e2ncia de uma dieta equilibrada e rica em nutrientes \u00e9 ineg\u00e1vel quando se trata de longevidade. Alimentos frescos, integrais e uma hidrata\u00e7\u00e3o adequada s\u00e3o fundamentais para manter o corpo funcionando adequadamente ao longo dos anos.<\/p><p>Al\u00e9m disso, a atividade f\u00edsica regular \u00e9 um pilar essencial para a longevidade. Exerc\u00edcios que fortalecem o corpo, como cardio, treinamento de resist\u00eancia e flexibilidade, n\u00e3o apenas mant\u00eam os m\u00fasculos e ossos saud\u00e1veis, mas tamb\u00e9m promovem a sa\u00fade cardiovascular e mental.<\/p><p>A sa\u00fade mental n\u00e3o deve ser subestimada quando se fala de longevidade. Estrat\u00e9gias para gerenciar o estresse, buscar equil\u00edbrio emocional e cultivar rela\u00e7\u00f5es sociais saud\u00e1veis s\u00e3o cruciais para uma vida longa e feliz.<\/p><p>Por fim, a busca pela longevidade \u00e9 uma jornada pessoal. Cada indiv\u00edduo \u00e9 \u00fanico e as escolhas feitas ao longo da vida podem impactar significativamente a sua longevidade e qualidade de vida. A orienta\u00e7\u00e3o de profissionais de sa\u00fade, aliada a uma abordagem consciente em rela\u00e7\u00e3o ao estilo de vida, pode ser a chave para alcan\u00e7ar uma vida longa, saud\u00e1vel e significativa.<\/p>\t\t\t\t\t\t\t\t<\/div>\n\t\t\t\t<\/div>\n\t\t\t\t\t<\/div>\n\t\t\t\t<\/div>\n\t\t<div class=\"elementor-element elementor-element-190b3843 e-flex e-con-boxed e-con e-parent\" data-id=\"190b3843\" data-element_type=\"container\" data-e-type=\"container\">\n\t\t\t\t\t<div class=\"e-con-inner\">\n\t\t<div class=\"elementor-element elementor-element-7c3fd63 e-con-full e-flex e-con e-child\" data-id=\"7c3fd63\" data-element_type=\"container\" data-e-type=\"container\">\n\t\t\t\t<div class=\"elementor-element elementor-element-560ff0fe elementor-widget elementor-widget-image\" data-id=\"560ff0fe\" data-element_type=\"widget\" data-e-type=\"widget\" data-widget_type=\"image.default\">\n\t\t\t\t<div class=\"elementor-widget-container\">\n\t\t\t\t\t\t\t\t\t\t\t\t\t\t\t\t<a href=\"https:\/\/drajanainacaldas.com.br\/\">\n\t\t\t\t\t\t\t<img loading=\"lazy\" decoding=\"async\" width=\"351\" height=\"101\" src=\"https:\/\/drajanainacaldas.com.br\/wp-content\/uploads\/2023\/11\/logo_site350x100.png\" class=\"attachment-large size-large wp-image-388\" alt=\"\" srcset=\"https:\/\/drajanainacaldas.com.br\/wp-content\/uploads\/2023\/11\/logo_site350x100.png 351w, https:\/\/drajanainacaldas.com.br\/wp-content\/uploads\/2023\/11\/logo_site350x100-300x86.png 300w\" sizes=\"(max-width: 351px) 100vw, 351px\" \/>\t\t\t\t\t\t\t\t<\/a>\n\t\t\t\t\t\t\t\t\t\t\t\t\t\t\t<\/div>\n\t\t\t\t<\/div>\n\t\t\t\t<\/div>\n\t\t<div class=\"elementor-element elementor-element-5627904d e-con-full e-flex e-con e-child\" data-id=\"5627904d\" data-element_type=\"container\" data-e-type=\"container\">\n\t\t\t\t<div class=\"elementor-element elementor-element-2cabffa6 elementor-widget elementor-widget-button\" data-id=\"2cabffa6\" data-element_type=\"widget\" data-e-type=\"widget\" data-widget_type=\"button.default\">\n\t\t\t\t<div class=\"elementor-widget-container\">\n\t\t\t\t\t\t\t\t\t<div class=\"elementor-button-wrapper\">\n\t\t\t\t\t<a class=\"elementor-button elementor-button-link elementor-size-sm\" href=\"https:\/\/api.whatsapp.com\/message\/QIDZL3D5HVJCD1?autoload=1&#038;app_absent=0\">\n\t\t\t\t\t\t<span class=\"elementor-button-content-wrapper\">\n\t\t\t\t\t\t<span class=\"elementor-button-icon\">\n\t\t\t\t<svg aria-hidden=\"true\" class=\"e-font-icon-svg e-fab-whatsapp\" viewBox=\"0 0 448 512\" xmlns=\"http:\/\/www.w3.org\/2000\/svg\"><path d=\"M380.9 97.1C339 55.1 283.2 32 223.9 32c-122.4 0-222 99.6-222 222 0 39.1 10.2 77.3 29.6 111L0 480l117.7-30.9c32.4 17.7 68.9 27 106.1 27h.1c122.3 0 224.1-99.6 224.1-222 0-59.3-25.2-115-67.1-157zm-157 341.6c-33.2 0-65.7-8.9-94-25.7l-6.7-4-69.8 18.3L72 359.2l-4.4-7c-18.5-29.4-28.2-63.3-28.2-98.2 0-101.7 82.8-184.5 184.6-184.5 49.3 0 95.6 19.2 130.4 54.1 34.8 34.9 56.2 81.2 56.1 130.5 0 101.8-84.9 184.6-186.6 184.6zm101.2-138.2c-5.5-2.8-32.8-16.2-37.9-18-5.1-1.9-8.8-2.8-12.5 2.8-3.7 5.6-14.3 18-17.6 21.8-3.2 3.7-6.5 4.2-12 1.4-32.6-16.3-54-29.1-75.5-66-5.7-9.8 5.7-9.1 16.3-30.3 1.8-3.7.9-6.9-.5-9.7-1.4-2.8-12.5-30.1-17.1-41.2-4.5-10.8-9.1-9.3-12.5-9.5-3.2-.2-6.9-.2-10.6-.2-3.7 0-9.7 1.4-14.8 6.9-5.1 5.6-19.4 19-19.4 46.3 0 27.3 19.9 53.7 22.6 57.4 2.8 3.7 39.1 59.7 94.8 83.8 35.2 15.2 49 16.5 66.6 13.9 10.7-1.6 32.8-13.4 37.4-26.4 4.6-13 4.6-24.1 3.2-26.4-1.3-2.5-5-3.9-10.5-6.6z\"><\/path><\/svg>\t\t\t<\/span>\n\t\t\t\t\t\t\t\t\t<span class=\"elementor-button-text\">AGENDAR CONSULTA<\/span>\n\t\t\t\t\t<\/span>\n\t\t\t\t\t<\/a>\n\t\t\t\t<\/div>\n\t\t\t\t\t\t\t\t<\/div>\n\t\t\t\t<\/div>\n\t\t\t\t<\/div>\n\t\t\t\t\t<\/div>\n\t\t\t\t<\/div>\n\t\t<div class=\"elementor-element elementor-element-35b53a71 e-flex e-con-boxed e-con e-parent\" data-id=\"35b53a71\" data-element_type=\"container\" data-e-type=\"container\" data-settings=\"{&quot;background_background&quot;:&quot;classic&quot;}\">\n\t\t\t\t\t<div class=\"e-con-inner\">\n\t\t\t\t\t<\/div>\n\t\t\t\t<\/div>\n\t\t\t\t<\/div>\n\t\t","protected":false},"excerpt":{"rendered":"<p>LONGEVIDADE A longevidade, o desejo de viver uma vida longa e saud\u00e1vel, tem sido um anseio humano ao longo da hist\u00f3ria. Atualmente, com avan\u00e7os na medicina, ci\u00eancia e compreens\u00e3o dos h\u00e1bitos de vida saud\u00e1veis, alcan\u00e7ar uma vida longa e pr\u00f3spera tornou-se mais vi\u00e1vel do que nunca. A longevidade n\u00e3o se trata apenas de viver mais, [&hellip;]<\/p>\n","protected":false},"author":2,"featured_media":0,"parent":0,"menu_order":0,"comment_status":"closed","ping_status":"closed","template":"elementor_header_footer","meta":{"_joinchat":[],"footnotes":""},"class_list":["post-400","page","type-page","status-publish","hentry"],"_links":{"self":[{"href":"https:\/\/drajanainacaldas.com.br\/index.php?rest_route=\/wp\/v2\/pages\/400","targetHints":{"allow":["GET"]}}],"collection":[{"href":"https:\/\/drajanainacaldas.com.br\/index.php?rest_route=\/wp\/v2\/pages"}],"about":[{"href":"https:\/\/drajanainacaldas.com.br\/index.php?rest_route=\/wp\/v2\/types\/page"}],"author":[{"embeddable":true,"href":"https:\/\/drajanainacaldas.com.br\/index.php?rest_route=\/wp\/v2\/users\/2"}],"replies":[{"embeddable":true,"href":"https:\/\/drajanainacaldas.com.br\/index.php?rest_route=%2Fwp%2Fv2%2Fcomments&post=400"}],"version-history":[{"count":7,"href":"https:\/\/drajanainacaldas.com.br\/index.php?rest_route=\/wp\/v2\/pages\/400\/revisions"}],"predecessor-version":[{"id":572,"href":"https:\/\/drajanainacaldas.com.br\/index.php?rest_route=\/wp\/v2\/pages\/400\/revisions\/572"}],"wp:attachment":[{"href":"https:\/\/drajanainacaldas.com.br\/index.php?rest_route=%2Fwp%2Fv2%2Fmedia&parent=400"}],"curies":[{"name":"wp","href":"https:\/\/api.w.org\/{rel}","templated":true}]}}