{"id":398,"date":"2023-11-22T17:37:00","date_gmt":"2023-11-22T17:37:00","guid":{"rendered":"https:\/\/drajanainacaldas.com.br\/?page_id=398"},"modified":"2023-12-01T14:08:12","modified_gmt":"2023-12-01T14:08:12","slug":"dra-janaina-caldas-bioimpedancia","status":"publish","type":"page","link":"https:\/\/drajanainacaldas.com.br\/?page_id=398","title":{"rendered":"Dra. Jana\u00edna Caldas | Bioimped\u00e2ncia"},"content":{"rendered":"\t\t<div data-elementor-type=\"wp-page\" data-elementor-id=\"398\" class=\"elementor elementor-398\" data-elementor-post-type=\"page\">\n\t\t\t\t<div class=\"elementor-element elementor-element-b4f8c9a e-flex e-con-boxed e-con e-parent\" data-id=\"b4f8c9a\" data-element_type=\"container\" data-e-type=\"container\" data-settings=\"{&quot;background_background&quot;:&quot;classic&quot;}\">\n\t\t\t\t\t<div class=\"e-con-inner\">\n\t\t\t\t\t<\/div>\n\t\t\t\t<\/div>\n\t\t<div class=\"elementor-element elementor-element-c835b58 e-flex e-con-boxed e-con e-parent\" data-id=\"c835b58\" data-element_type=\"container\" data-e-type=\"container\">\n\t\t\t\t\t<div class=\"e-con-inner\">\n\t\t\t\t<div class=\"elementor-element elementor-element-a6ecc2e elementor-widget elementor-widget-image\" data-id=\"a6ecc2e\" data-element_type=\"widget\" data-e-type=\"widget\" data-widget_type=\"image.default\">\n\t\t\t\t<div class=\"elementor-widget-container\">\n\t\t\t\t\t\t\t\t\t\t\t\t\t\t\t<img fetchpriority=\"high\" decoding=\"async\" width=\"800\" height=\"352\" src=\"https:\/\/drajanainacaldas.com.br\/wp-content\/uploads\/2023\/11\/05-1024x451.png\" class=\"attachment-large size-large wp-image-435\" alt=\"\" srcset=\"https:\/\/drajanainacaldas.com.br\/wp-content\/uploads\/2023\/11\/05-1024x451.png 1024w, https:\/\/drajanainacaldas.com.br\/wp-content\/uploads\/2023\/11\/05-300x132.png 300w, https:\/\/drajanainacaldas.com.br\/wp-content\/uploads\/2023\/11\/05-768x338.png 768w, https:\/\/drajanainacaldas.com.br\/wp-content\/uploads\/2023\/11\/05-1536x677.png 1536w, https:\/\/drajanainacaldas.com.br\/wp-content\/uploads\/2023\/11\/05.png 1561w\" sizes=\"(max-width: 800px) 100vw, 800px\" \/>\t\t\t\t\t\t\t\t\t\t\t\t\t\t\t<\/div>\n\t\t\t\t<\/div>\n\t\t\t\t\t<\/div>\n\t\t\t\t<\/div>\n\t\t<div class=\"elementor-element elementor-element-1221781 e-flex e-con-boxed e-con e-parent\" data-id=\"1221781\" data-element_type=\"container\" data-e-type=\"container\">\n\t\t\t\t\t<div class=\"e-con-inner\">\n\t\t\t\t<div class=\"elementor-element elementor-element-d9ba39c elementor-widget elementor-widget-heading\" data-id=\"d9ba39c\" data-element_type=\"widget\" data-e-type=\"widget\" data-widget_type=\"heading.default\">\n\t\t\t\t<div class=\"elementor-widget-container\">\n\t\t\t\t\t<h2 class=\"elementor-heading-title elementor-size-default\">BIOIMPED\u00c2NCIA<\/h2>\t\t\t\t<\/div>\n\t\t\t\t<\/div>\n\t\t\t\t\t<\/div>\n\t\t\t\t<\/div>\n\t\t<div class=\"elementor-element elementor-element-5d8b3e4 e-flex e-con-boxed e-con e-parent\" data-id=\"5d8b3e4\" data-element_type=\"container\" data-e-type=\"container\">\n\t\t\t\t\t<div class=\"e-con-inner\">\n\t\t\t\t<div class=\"elementor-element elementor-element-e2ca87f elementor-widget elementor-widget-text-editor\" data-id=\"e2ca87f\" data-element_type=\"widget\" data-e-type=\"widget\" data-widget_type=\"text-editor.default\">\n\t\t\t\t<div class=\"elementor-widget-container\">\n\t\t\t\t\t\t\t\t\t<p>A bioimped\u00e2ncia \u00e9 uma ferramenta valiosa na \u00e1rea end\u00f3crina, fornecendo informa\u00e7\u00f5es cruciais sobre a composi\u00e7\u00e3o corporal de pacientes. Trata-se de uma t\u00e9cnica n\u00e3o invasiva que avalia a resist\u00eancia el\u00e9trica dos tecidos biol\u00f3gicos, utilizando correntes el\u00e9tricas de baixa intensidade. Essa resist\u00eancia varia de acordo com a quantidade de \u00e1gua presente nos tecidos, permitindo estimar com precis\u00e3o a propor\u00e7\u00e3o de massa gorda e massa magra.<\/p><p>No contexto end\u00f3crino, a bioimped\u00e2ncia \u00e9 particularmente \u00fatil para monitorar altera\u00e7\u00f5es na distribui\u00e7\u00e3o de gordura corporal, um fator cr\u00edtico em diversas condi\u00e7\u00f5es end\u00f3crinas. Por exemplo, em pacientes com s\u00edndrome metab\u00f3lica, diabetes tipo 2 ou dist\u00farbios da tireoide, as mudan\u00e7as na composi\u00e7\u00e3o corporal podem influenciar diretamente a progress\u00e3o dessas condi\u00e7\u00f5es.<\/p>\t\t\t\t\t\t\t\t<\/div>\n\t\t\t\t<\/div>\n\t\t\t\t\t<\/div>\n\t\t\t\t<\/div>\n\t\t<div class=\"elementor-element elementor-element-118c5f1 e-flex e-con-boxed e-con e-parent\" data-id=\"118c5f1\" data-element_type=\"container\" data-e-type=\"container\" data-settings=\"{&quot;background_background&quot;:&quot;classic&quot;}\">\n\t\t\t\t\t<div class=\"e-con-inner\">\n\t\t<div class=\"elementor-element elementor-element-d8f64d4 e-con-full e-flex e-con e-child\" data-id=\"d8f64d4\" data-element_type=\"container\" data-e-type=\"container\">\n\t\t\t\t<div class=\"elementor-element elementor-element-90272a1 elementor-widget elementor-widget-image\" data-id=\"90272a1\" data-element_type=\"widget\" data-e-type=\"widget\" data-widget_type=\"image.default\">\n\t\t\t\t<div class=\"elementor-widget-container\">\n\t\t\t\t\t\t\t\t\t\t\t\t\t\t\t<img decoding=\"async\" width=\"800\" height=\"800\" src=\"https:\/\/drajanainacaldas.com.br\/wp-content\/uploads\/2023\/11\/09-1024x1024.png\" class=\"attachment-large size-large wp-image-456\" alt=\"\" srcset=\"https:\/\/drajanainacaldas.com.br\/wp-content\/uploads\/2023\/11\/09-1024x1024.png 1024w, https:\/\/drajanainacaldas.com.br\/wp-content\/uploads\/2023\/11\/09-300x300.png 300w, https:\/\/drajanainacaldas.com.br\/wp-content\/uploads\/2023\/11\/09-150x150.png 150w, https:\/\/drajanainacaldas.com.br\/wp-content\/uploads\/2023\/11\/09-768x769.png 768w, https:\/\/drajanainacaldas.com.br\/wp-content\/uploads\/2023\/11\/09.png 1031w\" sizes=\"(max-width: 800px) 100vw, 800px\" \/>\t\t\t\t\t\t\t\t\t\t\t\t\t\t\t<\/div>\n\t\t\t\t<\/div>\n\t\t\t\t<\/div>\n\t\t<div class=\"elementor-element elementor-element-e3ba68e e-con-full e-flex e-con e-child\" data-id=\"e3ba68e\" data-element_type=\"container\" data-e-type=\"container\">\n\t\t\t\t<div class=\"elementor-element elementor-element-b19f86e elementor-widget elementor-widget-image\" data-id=\"b19f86e\" data-element_type=\"widget\" data-e-type=\"widget\" data-widget_type=\"image.default\">\n\t\t\t\t<div class=\"elementor-widget-container\">\n\t\t\t\t\t\t\t\t\t\t\t\t\t\t\t<img decoding=\"async\" width=\"800\" height=\"800\" src=\"https:\/\/drajanainacaldas.com.br\/wp-content\/uploads\/2023\/11\/07-1024x1024.png\" class=\"attachment-large size-large wp-image-454\" alt=\"\" srcset=\"https:\/\/drajanainacaldas.com.br\/wp-content\/uploads\/2023\/11\/07-1024x1024.png 1024w, https:\/\/drajanainacaldas.com.br\/wp-content\/uploads\/2023\/11\/07-300x300.png 300w, https:\/\/drajanainacaldas.com.br\/wp-content\/uploads\/2023\/11\/07-150x150.png 150w, https:\/\/drajanainacaldas.com.br\/wp-content\/uploads\/2023\/11\/07-768x768.png 768w, https:\/\/drajanainacaldas.com.br\/wp-content\/uploads\/2023\/11\/07.png 1031w\" sizes=\"(max-width: 800px) 100vw, 800px\" \/>\t\t\t\t\t\t\t\t\t\t\t\t\t\t\t<\/div>\n\t\t\t\t<\/div>\n\t\t\t\t<\/div>\n\t\t<div class=\"elementor-element elementor-element-1415a36 e-con-full e-flex e-con e-child\" data-id=\"1415a36\" data-element_type=\"container\" data-e-type=\"container\">\n\t\t\t\t<div class=\"elementor-element elementor-element-74f18d6 elementor-widget elementor-widget-image\" data-id=\"74f18d6\" data-element_type=\"widget\" data-e-type=\"widget\" data-widget_type=\"image.default\">\n\t\t\t\t<div class=\"elementor-widget-container\">\n\t\t\t\t\t\t\t\t\t\t\t\t\t\t\t<img loading=\"lazy\" decoding=\"async\" width=\"800\" height=\"800\" src=\"https:\/\/drajanainacaldas.com.br\/wp-content\/uploads\/2023\/11\/08-1024x1024.png\" class=\"attachment-large size-large wp-image-455\" alt=\"\" srcset=\"https:\/\/drajanainacaldas.com.br\/wp-content\/uploads\/2023\/11\/08-1024x1024.png 1024w, https:\/\/drajanainacaldas.com.br\/wp-content\/uploads\/2023\/11\/08-300x300.png 300w, https:\/\/drajanainacaldas.com.br\/wp-content\/uploads\/2023\/11\/08-150x150.png 150w, https:\/\/drajanainacaldas.com.br\/wp-content\/uploads\/2023\/11\/08-768x768.png 768w, https:\/\/drajanainacaldas.com.br\/wp-content\/uploads\/2023\/11\/08.png 1031w\" sizes=\"(max-width: 800px) 100vw, 800px\" \/>\t\t\t\t\t\t\t\t\t\t\t\t\t\t\t<\/div>\n\t\t\t\t<\/div>\n\t\t\t\t<\/div>\n\t\t<div class=\"elementor-element elementor-element-ffe3546 e-con-full e-flex e-con e-child\" data-id=\"ffe3546\" data-element_type=\"container\" data-e-type=\"container\">\n\t\t\t\t<div class=\"elementor-element elementor-element-1615bf8 elementor-widget elementor-widget-image\" data-id=\"1615bf8\" data-element_type=\"widget\" data-e-type=\"widget\" data-widget_type=\"image.default\">\n\t\t\t\t<div class=\"elementor-widget-container\">\n\t\t\t\t\t\t\t\t\t\t\t\t\t\t\t<img loading=\"lazy\" decoding=\"async\" width=\"800\" height=\"800\" src=\"https:\/\/drajanainacaldas.com.br\/wp-content\/uploads\/2023\/11\/10-1024x1024.png\" class=\"attachment-large size-large wp-image-457\" alt=\"\" srcset=\"https:\/\/drajanainacaldas.com.br\/wp-content\/uploads\/2023\/11\/10-1024x1024.png 1024w, https:\/\/drajanainacaldas.com.br\/wp-content\/uploads\/2023\/11\/10-300x300.png 300w, https:\/\/drajanainacaldas.com.br\/wp-content\/uploads\/2023\/11\/10-150x150.png 150w, https:\/\/drajanainacaldas.com.br\/wp-content\/uploads\/2023\/11\/10-768x769.png 768w, https:\/\/drajanainacaldas.com.br\/wp-content\/uploads\/2023\/11\/10.png 1031w\" sizes=\"(max-width: 800px) 100vw, 800px\" \/>\t\t\t\t\t\t\t\t\t\t\t\t\t\t\t<\/div>\n\t\t\t\t<\/div>\n\t\t\t\t<\/div>\n\t\t\t\t\t<\/div>\n\t\t\t\t<\/div>\n\t\t<div class=\"elementor-element elementor-element-1ff0121 e-flex e-con-boxed e-con e-parent\" data-id=\"1ff0121\" data-element_type=\"container\" data-e-type=\"container\">\n\t\t\t\t\t<div class=\"e-con-inner\">\n\t\t\t\t<div class=\"elementor-element elementor-element-1f82ed4 elementor-widget elementor-widget-text-editor\" data-id=\"1f82ed4\" data-element_type=\"widget\" data-e-type=\"widget\" data-widget_type=\"text-editor.default\">\n\t\t\t\t<div class=\"elementor-widget-container\">\n\t\t\t\t\t\t\t\t\t<p>Ao incorporar a bioimped\u00e2ncia na pr\u00e1tica end\u00f3crina, os profissionais podem obter uma compreens\u00e3o mais abrangente da sa\u00fade metab\u00f3lica de seus pacientes. Al\u00e9m da simples medi\u00e7\u00e3o de peso, a bioimped\u00e2ncia permite diferenciar entre a gordura visceral (associada a maior risco cardiovascular) e a gordura subcut\u00e2nea. Isso \u00e9 crucial, pois a distribui\u00e7\u00e3o da gordura desempenha um papel crucial na resist\u00eancia \u00e0 insulina e na inflama\u00e7\u00e3o, fatores diretamente relacionados a muitas doen\u00e7as end\u00f3crinas.<\/p><p>A monitoriza\u00e7\u00e3o regular da composi\u00e7\u00e3o corporal por meio da bioimped\u00e2ncia tamb\u00e9m pode ser uma ferramenta valiosa para ajustes em planos de tratamento. \u00c0 medida que os pacientes respondem a interven\u00e7\u00f5es end\u00f3crinas, como otimiza\u00e7\u00e3o da terapia hormonal, ajustes na medica\u00e7\u00e3o para diabetes, ou tratamento de dist\u00farbios da tireoide, as mudan\u00e7as na composi\u00e7\u00e3o corporal podem ser indicativas do sucesso ou da necessidade de modifica\u00e7\u00f5es nos planos de cuidados.<\/p><p>Em resumo, a bioimped\u00e2ncia emerge como uma aliada essencial na pr\u00e1tica end\u00f3crina moderna, proporcionando uma vis\u00e3o mais completa da sa\u00fade metab\u00f3lica dos pacientes. Ao integrar essa tecnologia nos protocolos de avalia\u00e7\u00e3o, os endocrinologistas podem personalizar abordagens terap\u00eauticas, monitorar o progresso dos pacientes e promover uma gest\u00e3o mais eficaz de condi\u00e7\u00f5es end\u00f3crinas complexas.<\/p>\t\t\t\t\t\t\t\t<\/div>\n\t\t\t\t<\/div>\n\t\t\t\t\t<\/div>\n\t\t\t\t<\/div>\n\t\t<div class=\"elementor-element elementor-element-9d072e8 e-flex e-con-boxed e-con e-parent\" data-id=\"9d072e8\" data-element_type=\"container\" data-e-type=\"container\">\n\t\t\t\t\t<div class=\"e-con-inner\">\n\t\t<div class=\"elementor-element elementor-element-3f47364 e-con-full e-flex e-con e-child\" data-id=\"3f47364\" data-element_type=\"container\" data-e-type=\"container\">\n\t\t\t\t<div class=\"elementor-element elementor-element-54edb78 elementor-widget elementor-widget-image\" data-id=\"54edb78\" data-element_type=\"widget\" data-e-type=\"widget\" data-widget_type=\"image.default\">\n\t\t\t\t<div class=\"elementor-widget-container\">\n\t\t\t\t\t\t\t\t\t\t\t\t\t\t\t\t<a href=\"https:\/\/drajanainacaldas.com.br\/\">\n\t\t\t\t\t\t\t<img loading=\"lazy\" decoding=\"async\" width=\"351\" height=\"101\" src=\"https:\/\/drajanainacaldas.com.br\/wp-content\/uploads\/2023\/11\/logo_site350x100.png\" class=\"attachment-large size-large wp-image-388\" alt=\"\" srcset=\"https:\/\/drajanainacaldas.com.br\/wp-content\/uploads\/2023\/11\/logo_site350x100.png 351w, https:\/\/drajanainacaldas.com.br\/wp-content\/uploads\/2023\/11\/logo_site350x100-300x86.png 300w\" sizes=\"(max-width: 351px) 100vw, 351px\" \/>\t\t\t\t\t\t\t\t<\/a>\n\t\t\t\t\t\t\t\t\t\t\t\t\t\t\t<\/div>\n\t\t\t\t<\/div>\n\t\t\t\t<\/div>\n\t\t<div class=\"elementor-element elementor-element-16ec0f6 e-con-full e-flex e-con e-child\" data-id=\"16ec0f6\" data-element_type=\"container\" data-e-type=\"container\">\n\t\t\t\t<div class=\"elementor-element elementor-element-86cb796 elementor-mobile-align-center elementor-widget elementor-widget-button\" data-id=\"86cb796\" data-element_type=\"widget\" data-e-type=\"widget\" data-widget_type=\"button.default\">\n\t\t\t\t<div class=\"elementor-widget-container\">\n\t\t\t\t\t\t\t\t\t<div class=\"elementor-button-wrapper\">\n\t\t\t\t\t<a class=\"elementor-button elementor-button-link elementor-size-sm\" href=\"https:\/\/api.whatsapp.com\/message\/QIDZL3D5HVJCD1?autoload=1&#038;app_absent=0\">\n\t\t\t\t\t\t<span class=\"elementor-button-content-wrapper\">\n\t\t\t\t\t\t<span class=\"elementor-button-icon\">\n\t\t\t\t<svg aria-hidden=\"true\" class=\"e-font-icon-svg e-fab-whatsapp\" viewBox=\"0 0 448 512\" xmlns=\"http:\/\/www.w3.org\/2000\/svg\"><path d=\"M380.9 97.1C339 55.1 283.2 32 223.9 32c-122.4 0-222 99.6-222 222 0 39.1 10.2 77.3 29.6 111L0 480l117.7-30.9c32.4 17.7 68.9 27 106.1 27h.1c122.3 0 224.1-99.6 224.1-222 0-59.3-25.2-115-67.1-157zm-157 341.6c-33.2 0-65.7-8.9-94-25.7l-6.7-4-69.8 18.3L72 359.2l-4.4-7c-18.5-29.4-28.2-63.3-28.2-98.2 0-101.7 82.8-184.5 184.6-184.5 49.3 0 95.6 19.2 130.4 54.1 34.8 34.9 56.2 81.2 56.1 130.5 0 101.8-84.9 184.6-186.6 184.6zm101.2-138.2c-5.5-2.8-32.8-16.2-37.9-18-5.1-1.9-8.8-2.8-12.5 2.8-3.7 5.6-14.3 18-17.6 21.8-3.2 3.7-6.5 4.2-12 1.4-32.6-16.3-54-29.1-75.5-66-5.7-9.8 5.7-9.1 16.3-30.3 1.8-3.7.9-6.9-.5-9.7-1.4-2.8-12.5-30.1-17.1-41.2-4.5-10.8-9.1-9.3-12.5-9.5-3.2-.2-6.9-.2-10.6-.2-3.7 0-9.7 1.4-14.8 6.9-5.1 5.6-19.4 19-19.4 46.3 0 27.3 19.9 53.7 22.6 57.4 2.8 3.7 39.1 59.7 94.8 83.8 35.2 15.2 49 16.5 66.6 13.9 10.7-1.6 32.8-13.4 37.4-26.4 4.6-13 4.6-24.1 3.2-26.4-1.3-2.5-5-3.9-10.5-6.6z\"><\/path><\/svg>\t\t\t<\/span>\n\t\t\t\t\t\t\t\t\t<span class=\"elementor-button-text\">AGENDAR CONSULTA<\/span>\n\t\t\t\t\t<\/span>\n\t\t\t\t\t<\/a>\n\t\t\t\t<\/div>\n\t\t\t\t\t\t\t\t<\/div>\n\t\t\t\t<\/div>\n\t\t\t\t<\/div>\n\t\t\t\t\t<\/div>\n\t\t\t\t<\/div>\n\t\t<div class=\"elementor-element elementor-element-557ac17 e-flex e-con-boxed e-con e-parent\" data-id=\"557ac17\" data-element_type=\"container\" data-e-type=\"container\" data-settings=\"{&quot;background_background&quot;:&quot;classic&quot;}\">\n\t\t\t\t\t<div class=\"e-con-inner\">\n\t\t\t\t\t<\/div>\n\t\t\t\t<\/div>\n\t\t\t\t<\/div>\n\t\t","protected":false},"excerpt":{"rendered":"<p>BIOIMPED\u00c2NCIA A bioimped\u00e2ncia \u00e9 uma ferramenta valiosa na \u00e1rea end\u00f3crina, fornecendo informa\u00e7\u00f5es cruciais sobre a composi\u00e7\u00e3o corporal de pacientes. Trata-se de uma t\u00e9cnica n\u00e3o invasiva que avalia a resist\u00eancia el\u00e9trica dos tecidos biol\u00f3gicos, utilizando correntes el\u00e9tricas de baixa intensidade. Essa resist\u00eancia varia de acordo com a quantidade de \u00e1gua presente nos tecidos, permitindo estimar com [&hellip;]<\/p>\n","protected":false},"author":2,"featured_media":0,"parent":0,"menu_order":0,"comment_status":"closed","ping_status":"closed","template":"elementor_header_footer","meta":{"_joinchat":[],"footnotes":""},"class_list":["post-398","page","type-page","status-publish","hentry"],"_links":{"self":[{"href":"https:\/\/drajanainacaldas.com.br\/index.php?rest_route=\/wp\/v2\/pages\/398","targetHints":{"allow":["GET"]}}],"collection":[{"href":"https:\/\/drajanainacaldas.com.br\/index.php?rest_route=\/wp\/v2\/pages"}],"about":[{"href":"https:\/\/drajanainacaldas.com.br\/index.php?rest_route=\/wp\/v2\/types\/page"}],"author":[{"embeddable":true,"href":"https:\/\/drajanainacaldas.com.br\/index.php?rest_route=\/wp\/v2\/users\/2"}],"replies":[{"embeddable":true,"href":"https:\/\/drajanainacaldas.com.br\/index.php?rest_route=%2Fwp%2Fv2%2Fcomments&post=398"}],"version-history":[{"count":34,"href":"https:\/\/drajanainacaldas.com.br\/index.php?rest_route=\/wp\/v2\/pages\/398\/revisions"}],"predecessor-version":[{"id":566,"href":"https:\/\/drajanainacaldas.com.br\/index.php?rest_route=\/wp\/v2\/pages\/398\/revisions\/566"}],"wp:attachment":[{"href":"https:\/\/drajanainacaldas.com.br\/index.php?rest_route=%2Fwp%2Fv2%2Fmedia&parent=398"}],"curies":[{"name":"wp","href":"https:\/\/api.w.org\/{rel}","templated":true}]}}