{"id":394,"date":"2023-11-22T17:36:14","date_gmt":"2023-11-22T17:36:14","guid":{"rendered":"https:\/\/drajanainacaldas.com.br\/?page_id=394"},"modified":"2023-12-01T14:11:39","modified_gmt":"2023-12-01T14:11:39","slug":"dra-janaina-caldas-tireoide","status":"publish","type":"page","link":"https:\/\/drajanainacaldas.com.br\/?page_id=394","title":{"rendered":"Dra. Jana\u00edna Caldas | Tireoide"},"content":{"rendered":"\t\t<div data-elementor-type=\"wp-page\" data-elementor-id=\"394\" class=\"elementor elementor-394\" data-elementor-post-type=\"page\">\n\t\t\t\t<div class=\"elementor-element elementor-element-38710bec e-flex e-con-boxed e-con e-parent\" data-id=\"38710bec\" data-element_type=\"container\" data-e-type=\"container\" data-settings=\"{&quot;background_background&quot;:&quot;classic&quot;}\">\n\t\t\t\t\t<div class=\"e-con-inner\">\n\t\t\t\t\t<\/div>\n\t\t\t\t<\/div>\n\t\t<div class=\"elementor-element elementor-element-7805d0a5 e-flex e-con-boxed e-con e-parent\" data-id=\"7805d0a5\" data-element_type=\"container\" data-e-type=\"container\">\n\t\t\t\t\t<div class=\"e-con-inner\">\n\t\t\t\t<div class=\"elementor-element elementor-element-2bab8cb7 elementor-widget elementor-widget-image\" data-id=\"2bab8cb7\" data-element_type=\"widget\" data-e-type=\"widget\" data-widget_type=\"image.default\">\n\t\t\t\t<div class=\"elementor-widget-container\">\n\t\t\t\t\t\t\t\t\t\t\t\t\t\t\t<img fetchpriority=\"high\" decoding=\"async\" width=\"800\" height=\"352\" src=\"https:\/\/drajanainacaldas.com.br\/wp-content\/uploads\/2023\/11\/03-1024x451.png\" class=\"attachment-large size-large wp-image-433\" alt=\"\" srcset=\"https:\/\/drajanainacaldas.com.br\/wp-content\/uploads\/2023\/11\/03-1024x451.png 1024w, https:\/\/drajanainacaldas.com.br\/wp-content\/uploads\/2023\/11\/03-300x132.png 300w, https:\/\/drajanainacaldas.com.br\/wp-content\/uploads\/2023\/11\/03-768x338.png 768w, https:\/\/drajanainacaldas.com.br\/wp-content\/uploads\/2023\/11\/03-1536x677.png 1536w, https:\/\/drajanainacaldas.com.br\/wp-content\/uploads\/2023\/11\/03.png 1561w\" sizes=\"(max-width: 800px) 100vw, 800px\" \/>\t\t\t\t\t\t\t\t\t\t\t\t\t\t\t<\/div>\n\t\t\t\t<\/div>\n\t\t\t\t\t<\/div>\n\t\t\t\t<\/div>\n\t\t<div class=\"elementor-element elementor-element-6fd20e2 e-flex e-con-boxed e-con e-parent\" data-id=\"6fd20e2\" data-element_type=\"container\" data-e-type=\"container\">\n\t\t\t\t\t<div class=\"e-con-inner\">\n\t\t\t\t<div class=\"elementor-element elementor-element-1c86b0fb elementor-widget elementor-widget-heading\" data-id=\"1c86b0fb\" data-element_type=\"widget\" data-e-type=\"widget\" data-widget_type=\"heading.default\">\n\t\t\t\t<div class=\"elementor-widget-container\">\n\t\t\t\t\t<h2 class=\"elementor-heading-title elementor-size-default\">TIREOIDE<\/h2>\t\t\t\t<\/div>\n\t\t\t\t<\/div>\n\t\t\t\t\t<\/div>\n\t\t\t\t<\/div>\n\t\t<div class=\"elementor-element elementor-element-64265f2f e-flex e-con-boxed e-con e-parent\" data-id=\"64265f2f\" data-element_type=\"container\" data-e-type=\"container\">\n\t\t\t\t\t<div class=\"e-con-inner\">\n\t\t\t\t<div class=\"elementor-element elementor-element-5cdc7a33 elementor-widget elementor-widget-text-editor\" data-id=\"5cdc7a33\" data-element_type=\"widget\" data-e-type=\"widget\" data-widget_type=\"text-editor.default\">\n\t\t\t\t<div class=\"elementor-widget-container\">\n\t\t\t\t\t\t\t\t\t<p>A tireoide desempenha um papel central na regula\u00e7\u00e3o do equil\u00edbrio hormonal do nosso corpo. Esta pequena gl\u00e2ndula, localizada na base do pesco\u00e7o, produz horm\u00f4nios vitais que influenciam praticamente todos os sistemas do organismo.<\/p><p>Como especialistas em endocrinologia, compreendemos a import\u00e2ncia crucial da tireoide para a sa\u00fade global. Dist\u00farbios da tireoide, como hipotireoidismo, hipertireoidismo e n\u00f3dulos tireoidianos, podem impactar significativamente a qualidade de vida dos pacientes.<\/p><p>Nossa abordagem especializada na tireoide come\u00e7a com uma avalia\u00e7\u00e3o abrangente da fun\u00e7\u00e3o glandular. Utilizamos testes precisos para diagnosticar condi\u00e7\u00f5es tireoidianas, desde exames de sangue para avaliar os n\u00edveis hormonais at\u00e9 exames de imagem, garantindo um diagn\u00f3stico preciso.<\/p>\t\t\t\t\t\t\t\t<\/div>\n\t\t\t\t<\/div>\n\t\t\t\t\t<\/div>\n\t\t\t\t<\/div>\n\t\t<div class=\"elementor-element elementor-element-67ccba89 e-flex e-con-boxed e-con e-parent\" data-id=\"67ccba89\" data-element_type=\"container\" data-e-type=\"container\" data-settings=\"{&quot;background_background&quot;:&quot;classic&quot;}\">\n\t\t\t\t\t<div class=\"e-con-inner\">\n\t\t<div class=\"elementor-element elementor-element-40a087fa e-con-full e-flex e-con e-child\" data-id=\"40a087fa\" data-element_type=\"container\" data-e-type=\"container\">\n\t\t\t\t<div class=\"elementor-element elementor-element-6533a5a2 elementor-widget elementor-widget-image\" data-id=\"6533a5a2\" data-element_type=\"widget\" data-e-type=\"widget\" data-widget_type=\"image.default\">\n\t\t\t\t<div class=\"elementor-widget-container\">\n\t\t\t\t\t\t\t\t\t\t\t\t\t\t\t<img decoding=\"async\" width=\"300\" height=\"300\" src=\"https:\/\/drajanainacaldas.com.br\/wp-content\/uploads\/2023\/11\/31-300x300.png\" class=\"attachment-medium size-medium wp-image-485\" alt=\"\" srcset=\"https:\/\/drajanainacaldas.com.br\/wp-content\/uploads\/2023\/11\/31-300x300.png 300w, https:\/\/drajanainacaldas.com.br\/wp-content\/uploads\/2023\/11\/31-1024x1024.png 1024w, https:\/\/drajanainacaldas.com.br\/wp-content\/uploads\/2023\/11\/31-150x150.png 150w, https:\/\/drajanainacaldas.com.br\/wp-content\/uploads\/2023\/11\/31-768x768.png 768w, https:\/\/drajanainacaldas.com.br\/wp-content\/uploads\/2023\/11\/31.png 1031w\" sizes=\"(max-width: 300px) 100vw, 300px\" \/>\t\t\t\t\t\t\t\t\t\t\t\t\t\t\t<\/div>\n\t\t\t\t<\/div>\n\t\t\t\t<\/div>\n\t\t<div class=\"elementor-element elementor-element-58156da4 e-con-full e-flex e-con e-child\" data-id=\"58156da4\" data-element_type=\"container\" data-e-type=\"container\">\n\t\t\t\t<div class=\"elementor-element elementor-element-389f6c77 elementor-widget elementor-widget-image\" data-id=\"389f6c77\" data-element_type=\"widget\" data-e-type=\"widget\" data-widget_type=\"image.default\">\n\t\t\t\t<div class=\"elementor-widget-container\">\n\t\t\t\t\t\t\t\t\t\t\t\t\t\t\t<img decoding=\"async\" width=\"300\" height=\"300\" src=\"https:\/\/drajanainacaldas.com.br\/wp-content\/uploads\/2023\/11\/32-300x300.png\" class=\"attachment-medium size-medium wp-image-486\" alt=\"\" srcset=\"https:\/\/drajanainacaldas.com.br\/wp-content\/uploads\/2023\/11\/32-300x300.png 300w, https:\/\/drajanainacaldas.com.br\/wp-content\/uploads\/2023\/11\/32-1024x1024.png 1024w, https:\/\/drajanainacaldas.com.br\/wp-content\/uploads\/2023\/11\/32-150x150.png 150w, https:\/\/drajanainacaldas.com.br\/wp-content\/uploads\/2023\/11\/32-768x768.png 768w, https:\/\/drajanainacaldas.com.br\/wp-content\/uploads\/2023\/11\/32.png 1031w\" sizes=\"(max-width: 300px) 100vw, 300px\" \/>\t\t\t\t\t\t\t\t\t\t\t\t\t\t\t<\/div>\n\t\t\t\t<\/div>\n\t\t\t\t<\/div>\n\t\t<div class=\"elementor-element elementor-element-67776c5 e-con-full e-flex e-con e-child\" data-id=\"67776c5\" data-element_type=\"container\" data-e-type=\"container\">\n\t\t\t\t<div class=\"elementor-element elementor-element-6b6f4f56 elementor-widget elementor-widget-image\" data-id=\"6b6f4f56\" data-element_type=\"widget\" data-e-type=\"widget\" data-widget_type=\"image.default\">\n\t\t\t\t<div class=\"elementor-widget-container\">\n\t\t\t\t\t\t\t\t\t\t\t\t\t\t\t<img loading=\"lazy\" decoding=\"async\" width=\"300\" height=\"300\" src=\"https:\/\/drajanainacaldas.com.br\/wp-content\/uploads\/2023\/11\/33-300x300.png\" class=\"attachment-medium size-medium wp-image-487\" alt=\"\" srcset=\"https:\/\/drajanainacaldas.com.br\/wp-content\/uploads\/2023\/11\/33-300x300.png 300w, https:\/\/drajanainacaldas.com.br\/wp-content\/uploads\/2023\/11\/33-1024x1024.png 1024w, https:\/\/drajanainacaldas.com.br\/wp-content\/uploads\/2023\/11\/33-150x150.png 150w, https:\/\/drajanainacaldas.com.br\/wp-content\/uploads\/2023\/11\/33-768x768.png 768w, https:\/\/drajanainacaldas.com.br\/wp-content\/uploads\/2023\/11\/33.png 1031w\" sizes=\"(max-width: 300px) 100vw, 300px\" \/>\t\t\t\t\t\t\t\t\t\t\t\t\t\t\t<\/div>\n\t\t\t\t<\/div>\n\t\t\t\t<\/div>\n\t\t<div class=\"elementor-element elementor-element-7c3f4cb2 e-con-full e-flex e-con e-child\" data-id=\"7c3f4cb2\" data-element_type=\"container\" data-e-type=\"container\">\n\t\t\t\t<div class=\"elementor-element elementor-element-7306543f elementor-widget elementor-widget-image\" data-id=\"7306543f\" data-element_type=\"widget\" data-e-type=\"widget\" data-widget_type=\"image.default\">\n\t\t\t\t<div class=\"elementor-widget-container\">\n\t\t\t\t\t\t\t\t\t\t\t\t\t\t\t<img loading=\"lazy\" decoding=\"async\" width=\"300\" height=\"300\" src=\"https:\/\/drajanainacaldas.com.br\/wp-content\/uploads\/2023\/11\/34-300x300.png\" class=\"attachment-medium size-medium wp-image-488\" alt=\"\" srcset=\"https:\/\/drajanainacaldas.com.br\/wp-content\/uploads\/2023\/11\/34-300x300.png 300w, https:\/\/drajanainacaldas.com.br\/wp-content\/uploads\/2023\/11\/34-1024x1024.png 1024w, https:\/\/drajanainacaldas.com.br\/wp-content\/uploads\/2023\/11\/34-150x150.png 150w, https:\/\/drajanainacaldas.com.br\/wp-content\/uploads\/2023\/11\/34-768x768.png 768w, https:\/\/drajanainacaldas.com.br\/wp-content\/uploads\/2023\/11\/34.png 1031w\" sizes=\"(max-width: 300px) 100vw, 300px\" \/>\t\t\t\t\t\t\t\t\t\t\t\t\t\t\t<\/div>\n\t\t\t\t<\/div>\n\t\t\t\t<\/div>\n\t\t\t\t\t<\/div>\n\t\t\t\t<\/div>\n\t\t<div class=\"elementor-element elementor-element-5e1d4e65 e-flex e-con-boxed e-con e-parent\" data-id=\"5e1d4e65\" data-element_type=\"container\" data-e-type=\"container\">\n\t\t\t\t\t<div class=\"e-con-inner\">\n\t\t\t\t<div class=\"elementor-element elementor-element-7f04eb0a elementor-widget elementor-widget-text-editor\" data-id=\"7f04eb0a\" data-element_type=\"widget\" data-e-type=\"widget\" data-widget_type=\"text-editor.default\">\n\t\t\t\t<div class=\"elementor-widget-container\">\n\t\t\t\t\t\t\t\t\t<p>Uma vez identificado o problema, trabalhamos em estreita colabora\u00e7\u00e3o com os pacientes para desenvolver planos de tratamento individualizados. Isso pode envolver desde terapias hormonais espec\u00edficas at\u00e9 procedimentos minimamente invasivos, quando necess\u00e1rio, para garantir o controle adequado da condi\u00e7\u00e3o.<\/p><p>Al\u00e9m disso, priorizamos a educa\u00e7\u00e3o dos pacientes sobre a tireoide e seus efeitos no corpo. Oferecemos informa\u00e7\u00f5es detalhadas sobre a condi\u00e7\u00e3o, promovendo o entendimento dos sintomas, a import\u00e2ncia do tratamento e a manuten\u00e7\u00e3o de um acompanhamento regular para um controle eficaz.<\/p><p>Entendemos que cada paciente \u00e9 \u00fanico, e nosso compromisso \u00e9 oferecer uma abordagem compassiva e personalizada para garantir o bem-estar tireoidiano. Estamos dedicados a ajudar nossos pacientes a recuperarem o equil\u00edbrio hormonal e a retomarem uma vida plena e saud\u00e1vel.<\/p><p>Confie na nossa equipe de endocrinologistas para um cuidado especializado e comprometido com a sa\u00fade da tireoide. Estamos aqui para ser seu apoio confi\u00e1vel na jornada para uma tireoide saud\u00e1vel e uma vida melhor.<\/p>\t\t\t\t\t\t\t\t<\/div>\n\t\t\t\t<\/div>\n\t\t\t\t\t<\/div>\n\t\t\t\t<\/div>\n\t\t<div class=\"elementor-element elementor-element-32090a5c e-flex e-con-boxed e-con e-parent\" data-id=\"32090a5c\" data-element_type=\"container\" data-e-type=\"container\">\n\t\t\t\t\t<div class=\"e-con-inner\">\n\t\t<div class=\"elementor-element elementor-element-7b09f3c e-con-full e-flex e-con e-child\" data-id=\"7b09f3c\" data-element_type=\"container\" data-e-type=\"container\">\n\t\t\t\t<div class=\"elementor-element elementor-element-1f045fe7 elementor-widget elementor-widget-image\" data-id=\"1f045fe7\" data-element_type=\"widget\" data-e-type=\"widget\" data-widget_type=\"image.default\">\n\t\t\t\t<div class=\"elementor-widget-container\">\n\t\t\t\t\t\t\t\t\t\t\t\t\t\t\t\t<a href=\"https:\/\/drajanainacaldas.com.br\/\">\n\t\t\t\t\t\t\t<img loading=\"lazy\" decoding=\"async\" width=\"351\" height=\"101\" src=\"https:\/\/drajanainacaldas.com.br\/wp-content\/uploads\/2023\/11\/logo_site350x100.png\" class=\"attachment-large size-large wp-image-388\" alt=\"\" srcset=\"https:\/\/drajanainacaldas.com.br\/wp-content\/uploads\/2023\/11\/logo_site350x100.png 351w, https:\/\/drajanainacaldas.com.br\/wp-content\/uploads\/2023\/11\/logo_site350x100-300x86.png 300w\" sizes=\"(max-width: 351px) 100vw, 351px\" \/>\t\t\t\t\t\t\t\t<\/a>\n\t\t\t\t\t\t\t\t\t\t\t\t\t\t\t<\/div>\n\t\t\t\t<\/div>\n\t\t\t\t<\/div>\n\t\t<div class=\"elementor-element elementor-element-49dc5dc3 e-con-full e-flex e-con e-child\" data-id=\"49dc5dc3\" data-element_type=\"container\" data-e-type=\"container\">\n\t\t\t\t<div class=\"elementor-element elementor-element-7a464fd5 elementor-widget elementor-widget-button\" data-id=\"7a464fd5\" data-element_type=\"widget\" data-e-type=\"widget\" data-widget_type=\"button.default\">\n\t\t\t\t<div class=\"elementor-widget-container\">\n\t\t\t\t\t\t\t\t\t<div class=\"elementor-button-wrapper\">\n\t\t\t\t\t<a class=\"elementor-button elementor-button-link elementor-size-sm\" href=\"https:\/\/api.whatsapp.com\/message\/QIDZL3D5HVJCD1?autoload=1&#038;app_absent=0\">\n\t\t\t\t\t\t<span class=\"elementor-button-content-wrapper\">\n\t\t\t\t\t\t<span class=\"elementor-button-icon\">\n\t\t\t\t<svg aria-hidden=\"true\" class=\"e-font-icon-svg e-fab-whatsapp\" viewBox=\"0 0 448 512\" xmlns=\"http:\/\/www.w3.org\/2000\/svg\"><path d=\"M380.9 97.1C339 55.1 283.2 32 223.9 32c-122.4 0-222 99.6-222 222 0 39.1 10.2 77.3 29.6 111L0 480l117.7-30.9c32.4 17.7 68.9 27 106.1 27h.1c122.3 0 224.1-99.6 224.1-222 0-59.3-25.2-115-67.1-157zm-157 341.6c-33.2 0-65.7-8.9-94-25.7l-6.7-4-69.8 18.3L72 359.2l-4.4-7c-18.5-29.4-28.2-63.3-28.2-98.2 0-101.7 82.8-184.5 184.6-184.5 49.3 0 95.6 19.2 130.4 54.1 34.8 34.9 56.2 81.2 56.1 130.5 0 101.8-84.9 184.6-186.6 184.6zm101.2-138.2c-5.5-2.8-32.8-16.2-37.9-18-5.1-1.9-8.8-2.8-12.5 2.8-3.7 5.6-14.3 18-17.6 21.8-3.2 3.7-6.5 4.2-12 1.4-32.6-16.3-54-29.1-75.5-66-5.7-9.8 5.7-9.1 16.3-30.3 1.8-3.7.9-6.9-.5-9.7-1.4-2.8-12.5-30.1-17.1-41.2-4.5-10.8-9.1-9.3-12.5-9.5-3.2-.2-6.9-.2-10.6-.2-3.7 0-9.7 1.4-14.8 6.9-5.1 5.6-19.4 19-19.4 46.3 0 27.3 19.9 53.7 22.6 57.4 2.8 3.7 39.1 59.7 94.8 83.8 35.2 15.2 49 16.5 66.6 13.9 10.7-1.6 32.8-13.4 37.4-26.4 4.6-13 4.6-24.1 3.2-26.4-1.3-2.5-5-3.9-10.5-6.6z\"><\/path><\/svg>\t\t\t<\/span>\n\t\t\t\t\t\t\t\t\t<span class=\"elementor-button-text\">AGENDAR CONSULTA<\/span>\n\t\t\t\t\t<\/span>\n\t\t\t\t\t<\/a>\n\t\t\t\t<\/div>\n\t\t\t\t\t\t\t\t<\/div>\n\t\t\t\t<\/div>\n\t\t\t\t<\/div>\n\t\t\t\t\t<\/div>\n\t\t\t\t<\/div>\n\t\t<div class=\"elementor-element elementor-element-6bf03fc6 e-flex e-con-boxed e-con e-parent\" data-id=\"6bf03fc6\" data-element_type=\"container\" data-e-type=\"container\" data-settings=\"{&quot;background_background&quot;:&quot;classic&quot;}\">\n\t\t\t\t\t<div class=\"e-con-inner\">\n\t\t\t\t\t<\/div>\n\t\t\t\t<\/div>\n\t\t\t\t<\/div>\n\t\t","protected":false},"excerpt":{"rendered":"<p>TIREOIDE A tireoide desempenha um papel central na regula\u00e7\u00e3o do equil\u00edbrio hormonal do nosso corpo. Esta pequena gl\u00e2ndula, localizada na base do pesco\u00e7o, produz horm\u00f4nios vitais que influenciam praticamente todos os sistemas do organismo. Como especialistas em endocrinologia, compreendemos a import\u00e2ncia crucial da tireoide para a sa\u00fade global. Dist\u00farbios da tireoide, como hipotireoidismo, hipertireoidismo e [&hellip;]<\/p>\n","protected":false},"author":2,"featured_media":0,"parent":0,"menu_order":0,"comment_status":"closed","ping_status":"closed","template":"elementor_header_footer","meta":{"_joinchat":[],"footnotes":""},"class_list":["post-394","page","type-page","status-publish","hentry"],"_links":{"self":[{"href":"https:\/\/drajanainacaldas.com.br\/index.php?rest_route=\/wp\/v2\/pages\/394","targetHints":{"allow":["GET"]}}],"collection":[{"href":"https:\/\/drajanainacaldas.com.br\/index.php?rest_route=\/wp\/v2\/pages"}],"about":[{"href":"https:\/\/drajanainacaldas.com.br\/index.php?rest_route=\/wp\/v2\/types\/page"}],"author":[{"embeddable":true,"href":"https:\/\/drajanainacaldas.com.br\/index.php?rest_route=\/wp\/v2\/users\/2"}],"replies":[{"embeddable":true,"href":"https:\/\/drajanainacaldas.com.br\/index.php?rest_route=%2Fwp%2Fv2%2Fcomments&post=394"}],"version-history":[{"count":10,"href":"https:\/\/drajanainacaldas.com.br\/index.php?rest_route=\/wp\/v2\/pages\/394\/revisions"}],"predecessor-version":[{"id":578,"href":"https:\/\/drajanainacaldas.com.br\/index.php?rest_route=\/wp\/v2\/pages\/394\/revisions\/578"}],"wp:attachment":[{"href":"https:\/\/drajanainacaldas.com.br\/index.php?rest_route=%2Fwp%2Fv2%2Fmedia&parent=394"}],"curies":[{"name":"wp","href":"https:\/\/api.w.org\/{rel}","templated":true}]}}