{"id":392,"date":"2023-11-22T17:35:54","date_gmt":"2023-11-22T17:35:54","guid":{"rendered":"https:\/\/drajanainacaldas.com.br\/?page_id=392"},"modified":"2023-12-01T14:10:48","modified_gmt":"2023-12-01T14:10:48","slug":"dra-janaina-caldas-obesidade","status":"publish","type":"page","link":"https:\/\/drajanainacaldas.com.br\/?page_id=392","title":{"rendered":"Dra. Jana\u00edna Caldas | Obesidade"},"content":{"rendered":"\t\t<div data-elementor-type=\"wp-page\" data-elementor-id=\"392\" class=\"elementor elementor-392\" data-elementor-post-type=\"page\">\n\t\t\t\t<div class=\"elementor-element elementor-element-18fa0cef e-flex e-con-boxed e-con e-parent\" data-id=\"18fa0cef\" data-element_type=\"container\" data-e-type=\"container\" data-settings=\"{&quot;background_background&quot;:&quot;classic&quot;}\">\n\t\t\t\t\t<div class=\"e-con-inner\">\n\t\t\t\t\t<\/div>\n\t\t\t\t<\/div>\n\t\t<div class=\"elementor-element elementor-element-6d5f7973 e-flex e-con-boxed e-con e-parent\" data-id=\"6d5f7973\" data-element_type=\"container\" data-e-type=\"container\">\n\t\t\t\t\t<div class=\"e-con-inner\">\n\t\t\t\t<div class=\"elementor-element elementor-element-1bc51482 elementor-widget elementor-widget-image\" data-id=\"1bc51482\" data-element_type=\"widget\" data-e-type=\"widget\" data-widget_type=\"image.default\">\n\t\t\t\t<div class=\"elementor-widget-container\">\n\t\t\t\t\t\t\t\t\t\t\t\t\t\t\t<img fetchpriority=\"high\" decoding=\"async\" width=\"800\" height=\"352\" src=\"https:\/\/drajanainacaldas.com.br\/wp-content\/uploads\/2023\/11\/02-1024x451.png\" class=\"attachment-large size-large wp-image-432\" alt=\"\" srcset=\"https:\/\/drajanainacaldas.com.br\/wp-content\/uploads\/2023\/11\/02-1024x451.png 1024w, https:\/\/drajanainacaldas.com.br\/wp-content\/uploads\/2023\/11\/02-300x132.png 300w, https:\/\/drajanainacaldas.com.br\/wp-content\/uploads\/2023\/11\/02-768x338.png 768w, https:\/\/drajanainacaldas.com.br\/wp-content\/uploads\/2023\/11\/02-1536x676.png 1536w, https:\/\/drajanainacaldas.com.br\/wp-content\/uploads\/2023\/11\/02.png 1561w\" sizes=\"(max-width: 800px) 100vw, 800px\" \/>\t\t\t\t\t\t\t\t\t\t\t\t\t\t\t<\/div>\n\t\t\t\t<\/div>\n\t\t\t\t\t<\/div>\n\t\t\t\t<\/div>\n\t\t<div class=\"elementor-element elementor-element-104cf077 e-flex e-con-boxed e-con e-parent\" data-id=\"104cf077\" data-element_type=\"container\" data-e-type=\"container\">\n\t\t\t\t\t<div class=\"e-con-inner\">\n\t\t\t\t<div class=\"elementor-element elementor-element-3d511a33 elementor-widget elementor-widget-heading\" data-id=\"3d511a33\" data-element_type=\"widget\" data-e-type=\"widget\" data-widget_type=\"heading.default\">\n\t\t\t\t<div class=\"elementor-widget-container\">\n\t\t\t\t\t<h2 class=\"elementor-heading-title elementor-size-default\">OBESIDADE<\/h2>\t\t\t\t<\/div>\n\t\t\t\t<\/div>\n\t\t\t\t\t<\/div>\n\t\t\t\t<\/div>\n\t\t<div class=\"elementor-element elementor-element-6a56302a e-flex e-con-boxed e-con e-parent\" data-id=\"6a56302a\" data-element_type=\"container\" data-e-type=\"container\">\n\t\t\t\t\t<div class=\"e-con-inner\">\n\t\t\t\t<div class=\"elementor-element elementor-element-458fcd75 elementor-widget elementor-widget-text-editor\" data-id=\"458fcd75\" data-element_type=\"widget\" data-e-type=\"widget\" data-widget_type=\"text-editor.default\">\n\t\t\t\t<div class=\"elementor-widget-container\">\n\t\t\t\t\t\t\t\t\t<p>A obesidade \u00e9 uma condi\u00e7\u00e3o complexa e multifacetada que vai al\u00e9m do simples excesso de peso. \u00c9 um problema de sa\u00fade global que afeta milh\u00f5es de pessoas, resultando de uma intera\u00e7\u00e3o complexa entre fatores gen\u00e9ticos, ambientais, comportamentais e sociais.<\/p><p>Essa condi\u00e7\u00e3o, caracterizada pelo ac\u00famulo excessivo de gordura corporal, n\u00e3o apenas impacta a est\u00e9tica, mas tamb\u00e9m est\u00e1 intimamente ligada a uma s\u00e9rie de problemas de sa\u00fade graves. Doen\u00e7as cardiovasculares, diabetes tipo 2, hipertens\u00e3o, doen\u00e7as articulares e at\u00e9 mesmo certos tipos de c\u00e2ncer est\u00e3o entre as condi\u00e7\u00f5es associadas \u00e0 obesidade.<\/p><p>A abordagem da obesidade vai muito al\u00e9m de simplesmente perder peso. Envolve uma mudan\u00e7a de estilo de vida abrangente, focada na melhoria da sa\u00fade e do bem-estar geral. Isso inclui a ado\u00e7\u00e3o de uma dieta balanceada, baseada em alimentos nutritivos e por\u00e7\u00f5es adequadas, e a pr\u00e1tica regular de atividade f\u00edsica.<\/p>\t\t\t\t\t\t\t\t<\/div>\n\t\t\t\t<\/div>\n\t\t\t\t\t<\/div>\n\t\t\t\t<\/div>\n\t\t<div class=\"elementor-element elementor-element-28acbd5c e-flex e-con-boxed e-con e-parent\" data-id=\"28acbd5c\" data-element_type=\"container\" data-e-type=\"container\" data-settings=\"{&quot;background_background&quot;:&quot;classic&quot;}\">\n\t\t\t\t\t<div class=\"e-con-inner\">\n\t\t<div class=\"elementor-element elementor-element-449a2da7 e-con-full e-flex e-con e-child\" data-id=\"449a2da7\" data-element_type=\"container\" data-e-type=\"container\">\n\t\t\t\t<div class=\"elementor-element elementor-element-7a49a12d elementor-widget elementor-widget-image\" data-id=\"7a49a12d\" data-element_type=\"widget\" data-e-type=\"widget\" data-widget_type=\"image.default\">\n\t\t\t\t<div class=\"elementor-widget-container\">\n\t\t\t\t\t\t\t\t\t\t\t\t\t\t\t<img decoding=\"async\" width=\"300\" height=\"300\" src=\"https:\/\/drajanainacaldas.com.br\/wp-content\/uploads\/2023\/11\/61-300x300.png\" class=\"attachment-medium size-medium wp-image-515\" alt=\"\" srcset=\"https:\/\/drajanainacaldas.com.br\/wp-content\/uploads\/2023\/11\/61-300x300.png 300w, https:\/\/drajanainacaldas.com.br\/wp-content\/uploads\/2023\/11\/61-1024x1024.png 1024w, https:\/\/drajanainacaldas.com.br\/wp-content\/uploads\/2023\/11\/61-150x150.png 150w, https:\/\/drajanainacaldas.com.br\/wp-content\/uploads\/2023\/11\/61-768x769.png 768w, https:\/\/drajanainacaldas.com.br\/wp-content\/uploads\/2023\/11\/61.png 1031w\" sizes=\"(max-width: 300px) 100vw, 300px\" \/>\t\t\t\t\t\t\t\t\t\t\t\t\t\t\t<\/div>\n\t\t\t\t<\/div>\n\t\t\t\t<\/div>\n\t\t<div class=\"elementor-element elementor-element-41e8c460 e-con-full e-flex e-con e-child\" data-id=\"41e8c460\" data-element_type=\"container\" data-e-type=\"container\">\n\t\t\t\t<div class=\"elementor-element elementor-element-15a0f449 elementor-widget elementor-widget-image\" data-id=\"15a0f449\" data-element_type=\"widget\" data-e-type=\"widget\" data-widget_type=\"image.default\">\n\t\t\t\t<div class=\"elementor-widget-container\">\n\t\t\t\t\t\t\t\t\t\t\t\t\t\t\t<img decoding=\"async\" width=\"300\" height=\"300\" src=\"https:\/\/drajanainacaldas.com.br\/wp-content\/uploads\/2023\/11\/62-300x300.png\" class=\"attachment-medium size-medium wp-image-516\" alt=\"\" srcset=\"https:\/\/drajanainacaldas.com.br\/wp-content\/uploads\/2023\/11\/62-300x300.png 300w, https:\/\/drajanainacaldas.com.br\/wp-content\/uploads\/2023\/11\/62-1024x1024.png 1024w, https:\/\/drajanainacaldas.com.br\/wp-content\/uploads\/2023\/11\/62-150x150.png 150w, https:\/\/drajanainacaldas.com.br\/wp-content\/uploads\/2023\/11\/62-768x769.png 768w, https:\/\/drajanainacaldas.com.br\/wp-content\/uploads\/2023\/11\/62.png 1031w\" sizes=\"(max-width: 300px) 100vw, 300px\" \/>\t\t\t\t\t\t\t\t\t\t\t\t\t\t\t<\/div>\n\t\t\t\t<\/div>\n\t\t\t\t<\/div>\n\t\t<div class=\"elementor-element elementor-element-172583ff e-con-full e-flex e-con e-child\" data-id=\"172583ff\" data-element_type=\"container\" data-e-type=\"container\">\n\t\t\t\t<div class=\"elementor-element elementor-element-4bbb2204 elementor-widget elementor-widget-image\" data-id=\"4bbb2204\" data-element_type=\"widget\" data-e-type=\"widget\" data-widget_type=\"image.default\">\n\t\t\t\t<div class=\"elementor-widget-container\">\n\t\t\t\t\t\t\t\t\t\t\t\t\t\t\t<img loading=\"lazy\" decoding=\"async\" width=\"300\" height=\"300\" src=\"https:\/\/drajanainacaldas.com.br\/wp-content\/uploads\/2023\/11\/64-300x300.png\" class=\"attachment-medium size-medium wp-image-518\" alt=\"\" srcset=\"https:\/\/drajanainacaldas.com.br\/wp-content\/uploads\/2023\/11\/64-300x300.png 300w, https:\/\/drajanainacaldas.com.br\/wp-content\/uploads\/2023\/11\/64-1024x1024.png 1024w, https:\/\/drajanainacaldas.com.br\/wp-content\/uploads\/2023\/11\/64-150x150.png 150w, https:\/\/drajanainacaldas.com.br\/wp-content\/uploads\/2023\/11\/64-768x768.png 768w, https:\/\/drajanainacaldas.com.br\/wp-content\/uploads\/2023\/11\/64.png 1031w\" sizes=\"(max-width: 300px) 100vw, 300px\" \/>\t\t\t\t\t\t\t\t\t\t\t\t\t\t\t<\/div>\n\t\t\t\t<\/div>\n\t\t\t\t<\/div>\n\t\t<div class=\"elementor-element elementor-element-97a8b1e e-con-full e-flex e-con e-child\" data-id=\"97a8b1e\" data-element_type=\"container\" data-e-type=\"container\">\n\t\t\t\t<div class=\"elementor-element elementor-element-5788158a elementor-widget elementor-widget-image\" data-id=\"5788158a\" data-element_type=\"widget\" data-e-type=\"widget\" data-widget_type=\"image.default\">\n\t\t\t\t<div class=\"elementor-widget-container\">\n\t\t\t\t\t\t\t\t\t\t\t\t\t\t\t<img loading=\"lazy\" decoding=\"async\" width=\"300\" height=\"300\" src=\"https:\/\/drajanainacaldas.com.br\/wp-content\/uploads\/2023\/11\/63-300x300.png\" class=\"attachment-medium size-medium wp-image-517\" alt=\"\" srcset=\"https:\/\/drajanainacaldas.com.br\/wp-content\/uploads\/2023\/11\/63-300x300.png 300w, https:\/\/drajanainacaldas.com.br\/wp-content\/uploads\/2023\/11\/63-1024x1024.png 1024w, https:\/\/drajanainacaldas.com.br\/wp-content\/uploads\/2023\/11\/63-150x150.png 150w, https:\/\/drajanainacaldas.com.br\/wp-content\/uploads\/2023\/11\/63-768x767.png 768w, https:\/\/drajanainacaldas.com.br\/wp-content\/uploads\/2023\/11\/63.png 1032w\" sizes=\"(max-width: 300px) 100vw, 300px\" \/>\t\t\t\t\t\t\t\t\t\t\t\t\t\t\t<\/div>\n\t\t\t\t<\/div>\n\t\t\t\t<\/div>\n\t\t\t\t\t<\/div>\n\t\t\t\t<\/div>\n\t\t<div class=\"elementor-element elementor-element-6c93b492 e-flex e-con-boxed e-con e-parent\" data-id=\"6c93b492\" data-element_type=\"container\" data-e-type=\"container\">\n\t\t\t\t\t<div class=\"e-con-inner\">\n\t\t\t\t<div class=\"elementor-element elementor-element-7b3b6b6b elementor-widget elementor-widget-text-editor\" data-id=\"7b3b6b6b\" data-element_type=\"widget\" data-e-type=\"widget\" data-widget_type=\"text-editor.default\">\n\t\t\t\t<div class=\"elementor-widget-container\">\n\t\t\t\t\t\t\t\t\t<p>A compreens\u00e3o do impacto psicol\u00f3gico da obesidade tamb\u00e9m \u00e9 crucial. Muitas vezes, h\u00e1 quest\u00f5es emocionais e comportamentais associadas \u00e0 obesidade, como compuls\u00e3o alimentar, padr\u00f5es disfuncionais de alimenta\u00e7\u00e3o e autoimagem prejudicada, que requerem aten\u00e7\u00e3o e apoio espec\u00edfico.<\/p><p>A abordagem para combater a obesidade deve ser personalizada, levando em considera\u00e7\u00e3o a sa\u00fade f\u00edsica, mental e emocional do indiv\u00edduo. \u00c9 fundamental buscar orienta\u00e7\u00e3o m\u00e9dica e nutricional adequada, al\u00e9m de apoio psicol\u00f3gico, para desenvolver um plano de tratamento abrangente e sustent\u00e1vel.<\/p><p>Al\u00e9m disso, a conscientiza\u00e7\u00e3o social e a cria\u00e7\u00e3o de ambientes que promovam escolhas saud\u00e1veis s\u00e3o igualmente importantes na luta contra a obesidade. Estrat\u00e9gias comunit\u00e1rias, pol\u00edticas p\u00fablicas e acesso facilitado a alimentos saud\u00e1veis e \u00e0 pr\u00e1tica de atividades f\u00edsicas s\u00e3o essenciais para prevenir e combater esse problema de sa\u00fade.<\/p><p>\u00c9 importante reconhecer que o tratamento da obesidade \u00e9 um processo cont\u00ednuo e desafiador. Requer comprometimento, paci\u00eancia e um conjunto diversificado de abordagens para alcan\u00e7ar e manter um peso saud\u00e1vel. A chave est\u00e1 em adotar mudan\u00e7as progressivas e sustent\u00e1veis que promovam n\u00e3o apenas a perda de peso, mas tamb\u00e9m a melhoria da sa\u00fade global e a qualidade de vida.<\/p>\t\t\t\t\t\t\t\t<\/div>\n\t\t\t\t<\/div>\n\t\t\t\t\t<\/div>\n\t\t\t\t<\/div>\n\t\t<div class=\"elementor-element elementor-element-1a5162d4 e-flex e-con-boxed e-con e-parent\" data-id=\"1a5162d4\" data-element_type=\"container\" data-e-type=\"container\">\n\t\t\t\t\t<div class=\"e-con-inner\">\n\t\t<div class=\"elementor-element elementor-element-455f94ac e-con-full e-flex e-con e-child\" data-id=\"455f94ac\" data-element_type=\"container\" data-e-type=\"container\">\n\t\t\t\t<div class=\"elementor-element elementor-element-3061baa7 elementor-widget elementor-widget-image\" data-id=\"3061baa7\" data-element_type=\"widget\" data-e-type=\"widget\" data-widget_type=\"image.default\">\n\t\t\t\t<div class=\"elementor-widget-container\">\n\t\t\t\t\t\t\t\t\t\t\t\t\t\t\t\t<a href=\"https:\/\/drajanainacaldas.com.br\/\">\n\t\t\t\t\t\t\t<img loading=\"lazy\" decoding=\"async\" width=\"351\" height=\"101\" src=\"https:\/\/drajanainacaldas.com.br\/wp-content\/uploads\/2023\/11\/logo_site350x100.png\" class=\"attachment-large size-large wp-image-388\" alt=\"\" srcset=\"https:\/\/drajanainacaldas.com.br\/wp-content\/uploads\/2023\/11\/logo_site350x100.png 351w, https:\/\/drajanainacaldas.com.br\/wp-content\/uploads\/2023\/11\/logo_site350x100-300x86.png 300w\" sizes=\"(max-width: 351px) 100vw, 351px\" \/>\t\t\t\t\t\t\t\t<\/a>\n\t\t\t\t\t\t\t\t\t\t\t\t\t\t\t<\/div>\n\t\t\t\t<\/div>\n\t\t\t\t<\/div>\n\t\t<div class=\"elementor-element elementor-element-2318d6b3 e-con-full e-flex e-con e-child\" data-id=\"2318d6b3\" data-element_type=\"container\" data-e-type=\"container\">\n\t\t\t\t<div class=\"elementor-element elementor-element-26e630ba elementor-widget elementor-widget-button\" data-id=\"26e630ba\" data-element_type=\"widget\" data-e-type=\"widget\" data-widget_type=\"button.default\">\n\t\t\t\t<div class=\"elementor-widget-container\">\n\t\t\t\t\t\t\t\t\t<div class=\"elementor-button-wrapper\">\n\t\t\t\t\t<a class=\"elementor-button elementor-button-link elementor-size-sm\" href=\"https:\/\/api.whatsapp.com\/message\/QIDZL3D5HVJCD1?autoload=1&#038;app_absent=0\">\n\t\t\t\t\t\t<span class=\"elementor-button-content-wrapper\">\n\t\t\t\t\t\t<span class=\"elementor-button-icon\">\n\t\t\t\t<svg aria-hidden=\"true\" class=\"e-font-icon-svg e-fab-whatsapp\" viewBox=\"0 0 448 512\" xmlns=\"http:\/\/www.w3.org\/2000\/svg\"><path d=\"M380.9 97.1C339 55.1 283.2 32 223.9 32c-122.4 0-222 99.6-222 222 0 39.1 10.2 77.3 29.6 111L0 480l117.7-30.9c32.4 17.7 68.9 27 106.1 27h.1c122.3 0 224.1-99.6 224.1-222 0-59.3-25.2-115-67.1-157zm-157 341.6c-33.2 0-65.7-8.9-94-25.7l-6.7-4-69.8 18.3L72 359.2l-4.4-7c-18.5-29.4-28.2-63.3-28.2-98.2 0-101.7 82.8-184.5 184.6-184.5 49.3 0 95.6 19.2 130.4 54.1 34.8 34.9 56.2 81.2 56.1 130.5 0 101.8-84.9 184.6-186.6 184.6zm101.2-138.2c-5.5-2.8-32.8-16.2-37.9-18-5.1-1.9-8.8-2.8-12.5 2.8-3.7 5.6-14.3 18-17.6 21.8-3.2 3.7-6.5 4.2-12 1.4-32.6-16.3-54-29.1-75.5-66-5.7-9.8 5.7-9.1 16.3-30.3 1.8-3.7.9-6.9-.5-9.7-1.4-2.8-12.5-30.1-17.1-41.2-4.5-10.8-9.1-9.3-12.5-9.5-3.2-.2-6.9-.2-10.6-.2-3.7 0-9.7 1.4-14.8 6.9-5.1 5.6-19.4 19-19.4 46.3 0 27.3 19.9 53.7 22.6 57.4 2.8 3.7 39.1 59.7 94.8 83.8 35.2 15.2 49 16.5 66.6 13.9 10.7-1.6 32.8-13.4 37.4-26.4 4.6-13 4.6-24.1 3.2-26.4-1.3-2.5-5-3.9-10.5-6.6z\"><\/path><\/svg>\t\t\t<\/span>\n\t\t\t\t\t\t\t\t\t<span class=\"elementor-button-text\">AGENDAR CONSULTA<\/span>\n\t\t\t\t\t<\/span>\n\t\t\t\t\t<\/a>\n\t\t\t\t<\/div>\n\t\t\t\t\t\t\t\t<\/div>\n\t\t\t\t<\/div>\n\t\t\t\t<\/div>\n\t\t\t\t\t<\/div>\n\t\t\t\t<\/div>\n\t\t<div class=\"elementor-element elementor-element-42598dcb e-flex e-con-boxed e-con e-parent\" data-id=\"42598dcb\" data-element_type=\"container\" data-e-type=\"container\" data-settings=\"{&quot;background_background&quot;:&quot;classic&quot;}\">\n\t\t\t\t\t<div class=\"e-con-inner\">\n\t\t\t\t\t<\/div>\n\t\t\t\t<\/div>\n\t\t\t\t<\/div>\n\t\t","protected":false},"excerpt":{"rendered":"<p>OBESIDADE A obesidade \u00e9 uma condi\u00e7\u00e3o complexa e multifacetada que vai al\u00e9m do simples excesso de peso. \u00c9 um problema de sa\u00fade global que afeta milh\u00f5es de pessoas, resultando de uma intera\u00e7\u00e3o complexa entre fatores gen\u00e9ticos, ambientais, comportamentais e sociais. Essa condi\u00e7\u00e3o, caracterizada pelo ac\u00famulo excessivo de gordura corporal, n\u00e3o apenas impacta a est\u00e9tica, mas [&hellip;]<\/p>\n","protected":false},"author":2,"featured_media":0,"parent":0,"menu_order":0,"comment_status":"closed","ping_status":"closed","template":"elementor_header_footer","meta":{"_joinchat":[],"footnotes":""},"class_list":["post-392","page","type-page","status-publish","hentry"],"_links":{"self":[{"href":"https:\/\/drajanainacaldas.com.br\/index.php?rest_route=\/wp\/v2\/pages\/392","targetHints":{"allow":["GET"]}}],"collection":[{"href":"https:\/\/drajanainacaldas.com.br\/index.php?rest_route=\/wp\/v2\/pages"}],"about":[{"href":"https:\/\/drajanainacaldas.com.br\/index.php?rest_route=\/wp\/v2\/types\/page"}],"author":[{"embeddable":true,"href":"https:\/\/drajanainacaldas.com.br\/index.php?rest_route=\/wp\/v2\/users\/2"}],"replies":[{"embeddable":true,"href":"https:\/\/drajanainacaldas.com.br\/index.php?rest_route=%2Fwp%2Fv2%2Fcomments&post=392"}],"version-history":[{"count":7,"href":"https:\/\/drajanainacaldas.com.br\/index.php?rest_route=\/wp\/v2\/pages\/392\/revisions"}],"predecessor-version":[{"id":575,"href":"https:\/\/drajanainacaldas.com.br\/index.php?rest_route=\/wp\/v2\/pages\/392\/revisions\/575"}],"wp:attachment":[{"href":"https:\/\/drajanainacaldas.com.br\/index.php?rest_route=%2Fwp%2Fv2%2Fmedia&parent=392"}],"curies":[{"name":"wp","href":"https:\/\/api.w.org\/{rel}","templated":true}]}}