{"id":390,"date":"2023-11-22T17:35:21","date_gmt":"2023-11-22T17:35:21","guid":{"rendered":"https:\/\/drajanainacaldas.com.br\/?page_id=390"},"modified":"2023-12-01T14:09:16","modified_gmt":"2023-12-01T14:09:16","slug":"dra-janaina-caldas-diabetes","status":"publish","type":"page","link":"https:\/\/drajanainacaldas.com.br\/?page_id=390","title":{"rendered":"Dra. Jana\u00edna Caldas | Diabetes"},"content":{"rendered":"\t\t<div data-elementor-type=\"wp-page\" data-elementor-id=\"390\" class=\"elementor elementor-390\" data-elementor-post-type=\"page\">\n\t\t\t\t<div class=\"elementor-element elementor-element-65ff785b e-flex e-con-boxed e-con e-parent\" data-id=\"65ff785b\" data-element_type=\"container\" data-e-type=\"container\" data-settings=\"{&quot;background_background&quot;:&quot;classic&quot;}\">\n\t\t\t\t\t<div class=\"e-con-inner\">\n\t\t\t\t\t<\/div>\n\t\t\t\t<\/div>\n\t\t<div class=\"elementor-element elementor-element-51364173 e-flex e-con-boxed e-con e-parent\" data-id=\"51364173\" data-element_type=\"container\" data-e-type=\"container\">\n\t\t\t\t\t<div class=\"e-con-inner\">\n\t\t\t\t<div class=\"elementor-element elementor-element-171c2711 elementor-widget elementor-widget-image\" data-id=\"171c2711\" data-element_type=\"widget\" data-e-type=\"widget\" data-widget_type=\"image.default\">\n\t\t\t\t<div class=\"elementor-widget-container\">\n\t\t\t\t\t\t\t\t\t\t\t\t\t\t\t<img fetchpriority=\"high\" decoding=\"async\" width=\"800\" height=\"352\" src=\"https:\/\/drajanainacaldas.com.br\/wp-content\/uploads\/2023\/11\/01-1024x451.png\" class=\"attachment-large size-large wp-image-431\" alt=\"\" srcset=\"https:\/\/drajanainacaldas.com.br\/wp-content\/uploads\/2023\/11\/01-1024x451.png 1024w, https:\/\/drajanainacaldas.com.br\/wp-content\/uploads\/2023\/11\/01-300x132.png 300w, https:\/\/drajanainacaldas.com.br\/wp-content\/uploads\/2023\/11\/01-768x338.png 768w, https:\/\/drajanainacaldas.com.br\/wp-content\/uploads\/2023\/11\/01-1536x677.png 1536w, https:\/\/drajanainacaldas.com.br\/wp-content\/uploads\/2023\/11\/01.png 1561w\" sizes=\"(max-width: 800px) 100vw, 800px\" \/>\t\t\t\t\t\t\t\t\t\t\t\t\t\t\t<\/div>\n\t\t\t\t<\/div>\n\t\t\t\t\t<\/div>\n\t\t\t\t<\/div>\n\t\t<div class=\"elementor-element elementor-element-3b7bdf14 e-flex e-con-boxed e-con e-parent\" data-id=\"3b7bdf14\" data-element_type=\"container\" data-e-type=\"container\">\n\t\t\t\t\t<div class=\"e-con-inner\">\n\t\t\t\t<div class=\"elementor-element elementor-element-aa26cd9 elementor-widget elementor-widget-heading\" data-id=\"aa26cd9\" data-element_type=\"widget\" data-e-type=\"widget\" data-widget_type=\"heading.default\">\n\t\t\t\t<div class=\"elementor-widget-container\">\n\t\t\t\t\t<h2 class=\"elementor-heading-title elementor-size-default\">DIABETES<\/h2>\t\t\t\t<\/div>\n\t\t\t\t<\/div>\n\t\t\t\t\t<\/div>\n\t\t\t\t<\/div>\n\t\t<div class=\"elementor-element elementor-element-19ccf8ad e-flex e-con-boxed e-con e-parent\" data-id=\"19ccf8ad\" data-element_type=\"container\" data-e-type=\"container\">\n\t\t\t\t\t<div class=\"e-con-inner\">\n\t\t\t\t<div class=\"elementor-element elementor-element-1a3c6a00 elementor-widget elementor-widget-text-editor\" data-id=\"1a3c6a00\" data-element_type=\"widget\" data-e-type=\"widget\" data-widget_type=\"text-editor.default\">\n\t\t\t\t<div class=\"elementor-widget-container\">\n\t\t\t\t\t\t\t\t\t<p>O diabetes \u00e9 uma condi\u00e7\u00e3o end\u00f3crina complexa que afeta milh\u00f5es de pessoas em todo o mundo. Como especialistas em endocrinologia, compreendemos profundamente a import\u00e2ncia de uma abordagem hol\u00edstica para o gerenciamento dessa condi\u00e7\u00e3o desafiadora.<\/p><p>O diabetes \u00e9 caracterizado por n\u00edveis elevados de glicose no sangue, resultantes de uma resposta deficiente \u00e0 insulina ou da produ\u00e7\u00e3o insuficiente desse horm\u00f4nio crucial pelo p\u00e2ncreas. Essa disfun\u00e7\u00e3o hormonal pode desencadear complica\u00e7\u00f5es graves se n\u00e3o for adequadamente gerenciada.<\/p><p>Na nossa pr\u00e1tica end\u00f3crina, estamos comprometidos em oferecer uma aten\u00e7\u00e3o personalizada e abrangente aos pacientes com diabetes. A avalia\u00e7\u00e3o minuciosa da fun\u00e7\u00e3o hormonal e metab\u00f3lica \u00e9 fundamental para um diagn\u00f3stico preciso e para criar planos de tratamento individualizados.<\/p>\t\t\t\t\t\t\t\t<\/div>\n\t\t\t\t<\/div>\n\t\t\t\t\t<\/div>\n\t\t\t\t<\/div>\n\t\t<div class=\"elementor-element elementor-element-23d96b53 e-flex e-con-boxed e-con e-parent\" data-id=\"23d96b53\" data-element_type=\"container\" data-e-type=\"container\" data-settings=\"{&quot;background_background&quot;:&quot;classic&quot;}\">\n\t\t\t\t\t<div class=\"e-con-inner\">\n\t\t<div class=\"elementor-element elementor-element-12697764 e-con-full e-flex e-con e-child\" data-id=\"12697764\" data-element_type=\"container\" data-e-type=\"container\">\n\t\t\t\t<div class=\"elementor-element elementor-element-62a2ca0a elementor-widget elementor-widget-image\" data-id=\"62a2ca0a\" data-element_type=\"widget\" data-e-type=\"widget\" data-widget_type=\"image.default\">\n\t\t\t\t<div class=\"elementor-widget-container\">\n\t\t\t\t\t\t\t\t\t\t\t\t\t\t\t<img decoding=\"async\" width=\"300\" height=\"300\" src=\"https:\/\/drajanainacaldas.com.br\/wp-content\/uploads\/2023\/11\/21-300x300.png\" class=\"attachment-medium size-medium wp-image-477\" alt=\"\" srcset=\"https:\/\/drajanainacaldas.com.br\/wp-content\/uploads\/2023\/11\/21-300x300.png 300w, https:\/\/drajanainacaldas.com.br\/wp-content\/uploads\/2023\/11\/21-1024x1024.png 1024w, https:\/\/drajanainacaldas.com.br\/wp-content\/uploads\/2023\/11\/21-150x150.png 150w, https:\/\/drajanainacaldas.com.br\/wp-content\/uploads\/2023\/11\/21-768x768.png 768w, https:\/\/drajanainacaldas.com.br\/wp-content\/uploads\/2023\/11\/21.png 1031w\" sizes=\"(max-width: 300px) 100vw, 300px\" \/>\t\t\t\t\t\t\t\t\t\t\t\t\t\t\t<\/div>\n\t\t\t\t<\/div>\n\t\t\t\t<\/div>\n\t\t<div class=\"elementor-element elementor-element-629e25d9 e-con-full e-flex e-con e-child\" data-id=\"629e25d9\" data-element_type=\"container\" data-e-type=\"container\">\n\t\t\t\t<div class=\"elementor-element elementor-element-258b21f2 elementor-widget elementor-widget-image\" data-id=\"258b21f2\" data-element_type=\"widget\" data-e-type=\"widget\" data-widget_type=\"image.default\">\n\t\t\t\t<div class=\"elementor-widget-container\">\n\t\t\t\t\t\t\t\t\t\t\t\t\t\t\t<img decoding=\"async\" width=\"300\" height=\"300\" src=\"https:\/\/drajanainacaldas.com.br\/wp-content\/uploads\/2023\/11\/22-300x300.png\" class=\"attachment-medium size-medium wp-image-478\" alt=\"\" srcset=\"https:\/\/drajanainacaldas.com.br\/wp-content\/uploads\/2023\/11\/22-300x300.png 300w, https:\/\/drajanainacaldas.com.br\/wp-content\/uploads\/2023\/11\/22-1024x1024.png 1024w, https:\/\/drajanainacaldas.com.br\/wp-content\/uploads\/2023\/11\/22-150x150.png 150w, https:\/\/drajanainacaldas.com.br\/wp-content\/uploads\/2023\/11\/22-768x768.png 768w, https:\/\/drajanainacaldas.com.br\/wp-content\/uploads\/2023\/11\/22.png 1031w\" sizes=\"(max-width: 300px) 100vw, 300px\" \/>\t\t\t\t\t\t\t\t\t\t\t\t\t\t\t<\/div>\n\t\t\t\t<\/div>\n\t\t\t\t<\/div>\n\t\t<div class=\"elementor-element elementor-element-29711556 e-con-full e-flex e-con e-child\" data-id=\"29711556\" data-element_type=\"container\" data-e-type=\"container\">\n\t\t\t\t<div class=\"elementor-element elementor-element-7811cb21 elementor-widget elementor-widget-image\" data-id=\"7811cb21\" data-element_type=\"widget\" data-e-type=\"widget\" data-widget_type=\"image.default\">\n\t\t\t\t<div class=\"elementor-widget-container\">\n\t\t\t\t\t\t\t\t\t\t\t\t\t\t\t<img loading=\"lazy\" decoding=\"async\" width=\"300\" height=\"300\" src=\"https:\/\/drajanainacaldas.com.br\/wp-content\/uploads\/2023\/11\/23-300x300.png\" class=\"attachment-medium size-medium wp-image-479\" alt=\"\" srcset=\"https:\/\/drajanainacaldas.com.br\/wp-content\/uploads\/2023\/11\/23-300x300.png 300w, https:\/\/drajanainacaldas.com.br\/wp-content\/uploads\/2023\/11\/23-1024x1024.png 1024w, https:\/\/drajanainacaldas.com.br\/wp-content\/uploads\/2023\/11\/23-150x150.png 150w, https:\/\/drajanainacaldas.com.br\/wp-content\/uploads\/2023\/11\/23-768x768.png 768w, https:\/\/drajanainacaldas.com.br\/wp-content\/uploads\/2023\/11\/23.png 1031w\" sizes=\"(max-width: 300px) 100vw, 300px\" \/>\t\t\t\t\t\t\t\t\t\t\t\t\t\t\t<\/div>\n\t\t\t\t<\/div>\n\t\t\t\t<\/div>\n\t\t<div class=\"elementor-element elementor-element-1e1d4444 e-con-full e-flex e-con e-child\" data-id=\"1e1d4444\" data-element_type=\"container\" data-e-type=\"container\">\n\t\t\t\t<div class=\"elementor-element elementor-element-32a8efbd elementor-widget elementor-widget-image\" data-id=\"32a8efbd\" data-element_type=\"widget\" data-e-type=\"widget\" data-widget_type=\"image.default\">\n\t\t\t\t<div class=\"elementor-widget-container\">\n\t\t\t\t\t\t\t\t\t\t\t\t\t\t\t<img loading=\"lazy\" decoding=\"async\" width=\"300\" height=\"300\" src=\"https:\/\/drajanainacaldas.com.br\/wp-content\/uploads\/2023\/11\/24-300x300.png\" class=\"attachment-medium size-medium wp-image-480\" alt=\"\" srcset=\"https:\/\/drajanainacaldas.com.br\/wp-content\/uploads\/2023\/11\/24-300x300.png 300w, https:\/\/drajanainacaldas.com.br\/wp-content\/uploads\/2023\/11\/24-1024x1024.png 1024w, https:\/\/drajanainacaldas.com.br\/wp-content\/uploads\/2023\/11\/24-150x150.png 150w, https:\/\/drajanainacaldas.com.br\/wp-content\/uploads\/2023\/11\/24-768x768.png 768w, https:\/\/drajanainacaldas.com.br\/wp-content\/uploads\/2023\/11\/24.png 1031w\" sizes=\"(max-width: 300px) 100vw, 300px\" \/>\t\t\t\t\t\t\t\t\t\t\t\t\t\t\t<\/div>\n\t\t\t\t<\/div>\n\t\t\t\t<\/div>\n\t\t\t\t\t<\/div>\n\t\t\t\t<\/div>\n\t\t<div class=\"elementor-element elementor-element-2b507322 e-flex e-con-boxed e-con e-parent\" data-id=\"2b507322\" data-element_type=\"container\" data-e-type=\"container\">\n\t\t\t\t\t<div class=\"e-con-inner\">\n\t\t\t\t<div class=\"elementor-element elementor-element-4b6bb66c elementor-widget elementor-widget-text-editor\" data-id=\"4b6bb66c\" data-element_type=\"widget\" data-e-type=\"widget\" data-widget_type=\"text-editor.default\">\n\t\t\t\t<div class=\"elementor-widget-container\">\n\t\t\t\t\t\t\t\t\t<p>Nossa equipe utiliza as mais recentes abordagens diagn\u00f3sticas e terap\u00eauticas, incluindo testes de resist\u00eancia \u00e0 insulina, avalia\u00e7\u00e3o da fun\u00e7\u00e3o pancre\u00e1tica e monitoramento da glicose para adaptar estrat\u00e9gias de manejo espec\u00edficas para cada paciente.<\/p><p>Al\u00e9m disso, reconhecemos a import\u00e2ncia crucial do estilo de vida na gest\u00e3o do diabetes. Incentivamos mudan\u00e7as saud\u00e1veis no comportamento, como a ado\u00e7\u00e3o de dietas balanceadas, pr\u00e1tica regular de exerc\u00edcios e gest\u00e3o do estresse, para complementar o tratamento m\u00e9dico.<\/p><p>Nosso compromisso com a educa\u00e7\u00e3o cont\u00ednua tamb\u00e9m \u00e9 um pilar fundamental. Oferecemos suporte educacional abrangente para capacitar os pacientes a entenderem melhor sua condi\u00e7\u00e3o, a monitorarem seus n\u00edveis glic\u00eamicos e a adotarem h\u00e1bitos de vida saud\u00e1veis para um controle eficaz do diabetes.<\/p><p>Na busca pela excel\u00eancia no cuidado end\u00f3crino, estamos dedicados a ajudar os pacientes a viverem vidas plenas e saud\u00e1veis, superando os desafios impostos pelo diabetes. Juntos, trabalhamos para proporcionar um suporte abrangente, buscando a estabilidade metab\u00f3lica e a qualidade de vida dos nossos pacientes.<\/p><p>Confie em nossa equipe de endocrinologistas para uma abordagem compassiva, baseada em evid\u00eancias e focada no paciente no manejo do diabetes.<\/p>\t\t\t\t\t\t\t\t<\/div>\n\t\t\t\t<\/div>\n\t\t\t\t\t<\/div>\n\t\t\t\t<\/div>\n\t\t<div class=\"elementor-element elementor-element-49a4addb e-flex e-con-boxed e-con e-parent\" data-id=\"49a4addb\" data-element_type=\"container\" data-e-type=\"container\">\n\t\t\t\t\t<div class=\"e-con-inner\">\n\t\t<div class=\"elementor-element elementor-element-24399453 e-con-full e-flex e-con e-child\" data-id=\"24399453\" data-element_type=\"container\" data-e-type=\"container\">\n\t\t\t\t<div class=\"elementor-element elementor-element-1ac491a0 elementor-widget elementor-widget-image\" data-id=\"1ac491a0\" data-element_type=\"widget\" data-e-type=\"widget\" data-widget_type=\"image.default\">\n\t\t\t\t<div class=\"elementor-widget-container\">\n\t\t\t\t\t\t\t\t\t\t\t\t\t\t\t\t<a href=\"https:\/\/drajanainacaldas.com.br\/\">\n\t\t\t\t\t\t\t<img loading=\"lazy\" decoding=\"async\" width=\"351\" height=\"101\" src=\"https:\/\/drajanainacaldas.com.br\/wp-content\/uploads\/2023\/11\/logo_site350x100.png\" class=\"attachment-large size-large wp-image-388\" alt=\"\" srcset=\"https:\/\/drajanainacaldas.com.br\/wp-content\/uploads\/2023\/11\/logo_site350x100.png 351w, https:\/\/drajanainacaldas.com.br\/wp-content\/uploads\/2023\/11\/logo_site350x100-300x86.png 300w\" sizes=\"(max-width: 351px) 100vw, 351px\" \/>\t\t\t\t\t\t\t\t<\/a>\n\t\t\t\t\t\t\t\t\t\t\t\t\t\t\t<\/div>\n\t\t\t\t<\/div>\n\t\t\t\t<\/div>\n\t\t<div class=\"elementor-element elementor-element-1a62824e e-con-full e-flex e-con e-child\" data-id=\"1a62824e\" data-element_type=\"container\" data-e-type=\"container\">\n\t\t\t\t<div class=\"elementor-element elementor-element-236e204b elementor-mobile-align-center elementor-widget elementor-widget-button\" data-id=\"236e204b\" data-element_type=\"widget\" data-e-type=\"widget\" data-widget_type=\"button.default\">\n\t\t\t\t<div class=\"elementor-widget-container\">\n\t\t\t\t\t\t\t\t\t<div class=\"elementor-button-wrapper\">\n\t\t\t\t\t<a class=\"elementor-button elementor-button-link elementor-size-sm\" href=\"https:\/\/api.whatsapp.com\/message\/QIDZL3D5HVJCD1?autoload=1&#038;app_absent=0\">\n\t\t\t\t\t\t<span class=\"elementor-button-content-wrapper\">\n\t\t\t\t\t\t<span class=\"elementor-button-icon\">\n\t\t\t\t<svg aria-hidden=\"true\" class=\"e-font-icon-svg e-fab-whatsapp\" viewBox=\"0 0 448 512\" xmlns=\"http:\/\/www.w3.org\/2000\/svg\"><path d=\"M380.9 97.1C339 55.1 283.2 32 223.9 32c-122.4 0-222 99.6-222 222 0 39.1 10.2 77.3 29.6 111L0 480l117.7-30.9c32.4 17.7 68.9 27 106.1 27h.1c122.3 0 224.1-99.6 224.1-222 0-59.3-25.2-115-67.1-157zm-157 341.6c-33.2 0-65.7-8.9-94-25.7l-6.7-4-69.8 18.3L72 359.2l-4.4-7c-18.5-29.4-28.2-63.3-28.2-98.2 0-101.7 82.8-184.5 184.6-184.5 49.3 0 95.6 19.2 130.4 54.1 34.8 34.9 56.2 81.2 56.1 130.5 0 101.8-84.9 184.6-186.6 184.6zm101.2-138.2c-5.5-2.8-32.8-16.2-37.9-18-5.1-1.9-8.8-2.8-12.5 2.8-3.7 5.6-14.3 18-17.6 21.8-3.2 3.7-6.5 4.2-12 1.4-32.6-16.3-54-29.1-75.5-66-5.7-9.8 5.7-9.1 16.3-30.3 1.8-3.7.9-6.9-.5-9.7-1.4-2.8-12.5-30.1-17.1-41.2-4.5-10.8-9.1-9.3-12.5-9.5-3.2-.2-6.9-.2-10.6-.2-3.7 0-9.7 1.4-14.8 6.9-5.1 5.6-19.4 19-19.4 46.3 0 27.3 19.9 53.7 22.6 57.4 2.8 3.7 39.1 59.7 94.8 83.8 35.2 15.2 49 16.5 66.6 13.9 10.7-1.6 32.8-13.4 37.4-26.4 4.6-13 4.6-24.1 3.2-26.4-1.3-2.5-5-3.9-10.5-6.6z\"><\/path><\/svg>\t\t\t<\/span>\n\t\t\t\t\t\t\t\t\t<span class=\"elementor-button-text\">AGENDAR CONSULTA<\/span>\n\t\t\t\t\t<\/span>\n\t\t\t\t\t<\/a>\n\t\t\t\t<\/div>\n\t\t\t\t\t\t\t\t<\/div>\n\t\t\t\t<\/div>\n\t\t\t\t<\/div>\n\t\t\t\t\t<\/div>\n\t\t\t\t<\/div>\n\t\t<div class=\"elementor-element elementor-element-78f10032 e-flex e-con-boxed e-con e-parent\" data-id=\"78f10032\" data-element_type=\"container\" data-e-type=\"container\" data-settings=\"{&quot;background_background&quot;:&quot;classic&quot;}\">\n\t\t\t\t\t<div class=\"e-con-inner\">\n\t\t\t\t\t<\/div>\n\t\t\t\t<\/div>\n\t\t\t\t<\/div>\n\t\t","protected":false},"excerpt":{"rendered":"<p>DIABETES O diabetes \u00e9 uma condi\u00e7\u00e3o end\u00f3crina complexa que afeta milh\u00f5es de pessoas em todo o mundo. Como especialistas em endocrinologia, compreendemos profundamente a import\u00e2ncia de uma abordagem hol\u00edstica para o gerenciamento dessa condi\u00e7\u00e3o desafiadora. O diabetes \u00e9 caracterizado por n\u00edveis elevados de glicose no sangue, resultantes de uma resposta deficiente \u00e0 insulina ou da [&hellip;]<\/p>\n","protected":false},"author":2,"featured_media":0,"parent":0,"menu_order":0,"comment_status":"closed","ping_status":"closed","template":"elementor_header_footer","meta":{"_joinchat":[],"footnotes":""},"class_list":["post-390","page","type-page","status-publish","hentry"],"_links":{"self":[{"href":"https:\/\/drajanainacaldas.com.br\/index.php?rest_route=\/wp\/v2\/pages\/390","targetHints":{"allow":["GET"]}}],"collection":[{"href":"https:\/\/drajanainacaldas.com.br\/index.php?rest_route=\/wp\/v2\/pages"}],"about":[{"href":"https:\/\/drajanainacaldas.com.br\/index.php?rest_route=\/wp\/v2\/types\/page"}],"author":[{"embeddable":true,"href":"https:\/\/drajanainacaldas.com.br\/index.php?rest_route=\/wp\/v2\/users\/2"}],"replies":[{"embeddable":true,"href":"https:\/\/drajanainacaldas.com.br\/index.php?rest_route=%2Fwp%2Fv2%2Fcomments&post=390"}],"version-history":[{"count":10,"href":"https:\/\/drajanainacaldas.com.br\/index.php?rest_route=\/wp\/v2\/pages\/390\/revisions"}],"predecessor-version":[{"id":569,"href":"https:\/\/drajanainacaldas.com.br\/index.php?rest_route=\/wp\/v2\/pages\/390\/revisions\/569"}],"wp:attachment":[{"href":"https:\/\/drajanainacaldas.com.br\/index.php?rest_route=%2Fwp%2Fv2%2Fmedia&parent=390"}],"curies":[{"name":"wp","href":"https:\/\/api.w.org\/{rel}","templated":true}]}}