{"id":14,"date":"2023-11-17T14:34:47","date_gmt":"2023-11-17T14:34:47","guid":{"rendered":"https:\/\/drajanainacaldas.com.br\/?page_id=14"},"modified":"2023-11-22T20:34:25","modified_gmt":"2023-11-22T20:34:25","slug":"dra-janaina-caldas-sobre","status":"publish","type":"page","link":"https:\/\/drajanainacaldas.com.br\/?page_id=14","title":{"rendered":"Dra Jana\u00edna Caldas | Sobre"},"content":{"rendered":"\t\t<div data-elementor-type=\"wp-page\" data-elementor-id=\"14\" class=\"elementor elementor-14\" data-elementor-post-type=\"page\">\n\t\t\t\t<div class=\"elementor-element elementor-element-08c5dde e-flex e-con-boxed e-con e-parent\" data-id=\"08c5dde\" data-element_type=\"container\" data-e-type=\"container\">\n\t\t\t\t\t<div class=\"e-con-inner\">\n\t\t<div class=\"elementor-element elementor-element-d4dceb4 e-con-full e-flex e-con e-child\" data-id=\"d4dceb4\" data-element_type=\"container\" data-e-type=\"container\">\n\t\t\t\t<div class=\"elementor-element elementor-element-2949fcb elementor-widget elementor-widget-image\" data-id=\"2949fcb\" data-element_type=\"widget\" data-e-type=\"widget\" data-widget_type=\"image.default\">\n\t\t\t\t<div class=\"elementor-widget-container\">\n\t\t\t\t\t\t\t\t\t\t\t\t\t\t\t<img fetchpriority=\"high\" decoding=\"async\" width=\"548\" height=\"1024\" src=\"https:\/\/drajanainacaldas.com.br\/wp-content\/uploads\/2023\/11\/foto_sobre_pagina-548x1024.png\" class=\"attachment-large size-large wp-image-413\" alt=\"\" srcset=\"https:\/\/drajanainacaldas.com.br\/wp-content\/uploads\/2023\/11\/foto_sobre_pagina-548x1024.png 548w, https:\/\/drajanainacaldas.com.br\/wp-content\/uploads\/2023\/11\/foto_sobre_pagina-160x300.png 160w, https:\/\/drajanainacaldas.com.br\/wp-content\/uploads\/2023\/11\/foto_sobre_pagina.png 724w\" sizes=\"(max-width: 548px) 100vw, 548px\" \/>\t\t\t\t\t\t\t\t\t\t\t\t\t\t\t<\/div>\n\t\t\t\t<\/div>\n\t\t\t\t<\/div>\n\t\t<div class=\"elementor-element elementor-element-54f9951 e-con-full e-flex e-con e-child\" data-id=\"54f9951\" data-element_type=\"container\" data-e-type=\"container\">\n\t\t\t\t<div class=\"elementor-element elementor-element-f09a05b elementor-widget elementor-widget-heading\" data-id=\"f09a05b\" data-element_type=\"widget\" data-e-type=\"widget\" data-widget_type=\"heading.default\">\n\t\t\t\t<div class=\"elementor-widget-container\">\n\t\t\t\t\t<h2 class=\"elementor-heading-title elementor-size-default\">DRA. JANA\u00cdNA BORGES CALDAS<\/h2>\t\t\t\t<\/div>\n\t\t\t\t<\/div>\n\t\t\t\t<div class=\"elementor-element elementor-element-b656ab7 elementor-widget elementor-widget-text-editor\" data-id=\"b656ab7\" data-element_type=\"widget\" data-e-type=\"widget\" data-widget_type=\"text-editor.default\">\n\t\t\t\t<div class=\"elementor-widget-container\">\n\t\t\t\t\t\t\t\t\t<p>CRMMG 40869 | RQE 25830<\/p>\t\t\t\t\t\t\t\t<\/div>\n\t\t\t\t<\/div>\n\t\t\t\t<div class=\"elementor-element elementor-element-7ec428a elementor-widget elementor-widget-text-editor\" data-id=\"7ec428a\" data-element_type=\"widget\" data-e-type=\"widget\" data-widget_type=\"text-editor.default\">\n\t\t\t\t<div class=\"elementor-widget-container\">\n\t\t\t\t\t\t\t\t\t<p>Ol\u00e1, sou a Dra. Janaina Caldas e estou honrada em fazer parte da sua jornada em dire\u00e7\u00e3o \u00e0 sa\u00fade e ao bem-estar!<\/p><p>Minha trajet\u00f3ria acad\u00eamica foi meticulosamente moldada na Universidade Federal de Uberl\u00e2ndia, onde me aprofundei nos estudos da Endocrinologia e Metabologia para oferecer o mais alto padr\u00e3o de cuidado.<\/p><p>Meu compromisso \u00e9 proporcionar um atendimento permeado por empatia e respeito, valores fundamentais que foram cultivados desde minha forma\u00e7\u00e3o familiar.<\/p><p>Tenho convic\u00e7\u00e3o no poder da igualdade e da \u00e9tica, e \u00e9 com essa base s\u00f3lida que busco ser sua aliada em todas as quest\u00f5es relacionadas \u00e0 sua sa\u00fade. Estou aqui para ajudar a encontrar as melhores solu\u00e7\u00f5es para o seu bem-estar, com dedica\u00e7\u00e3o e profissionalismo.<\/p><p>Estou ansiosa para colaborar em sua jornada rumo a uma vida mais saud\u00e1vel e equilibrada.<\/p>\t\t\t\t\t\t\t\t<\/div>\n\t\t\t\t<\/div>\n\t\t\t\t<div class=\"elementor-element elementor-element-5bf53aa elementor-widget elementor-widget-text-editor\" data-id=\"5bf53aa\" data-element_type=\"widget\" data-e-type=\"widget\" data-widget_type=\"text-editor.default\">\n\t\t\t\t<div class=\"elementor-widget-container\">\n\t\t\t\t\t\t\t\t\t<p><strong>Meu caminho na busca pelo conhecimento e excel\u00eancia:<\/strong><\/p><p>\ud83c\udf93 <strong>2004<\/strong> \u2013 Gradua\u00e7\u00e3o na prestigiosa Universidade Federal de Uberl\u00e2ndia.<\/p><p>\ud83c\udfe5 <strong>2005\/2006<\/strong> \u2013 Resid\u00eancia em Cl\u00ednica M\u00e9dica na UFU, aprimorando minha pr\u00e1tica hospitalar.<\/p><p>\u2695\ufe0f <strong>2007\/2008<\/strong> \u2013 Especializa\u00e7\u00e3o em Endocrinologia pela UFU, mergulhando profundamente no estudo das complexidades metab\u00f3licas.<\/p><p>\ud83c\udf1f <strong>2009<\/strong> \u2013 Experi\u00eancia enriquecedora na Rede D&#8217;Or no Rio de Janeiro, ampliando minha vis\u00e3o e aprimorando minhas habilidades.<\/p><p>\ud83c\udfe5 <strong>2010\/2011<\/strong> \u2013 Dedica\u00e7\u00e3o ao Sistema P\u00fablico de Sa\u00fade (SPDM) em S\u00e3o Paulo, contribuindo para um cuidado acess\u00edvel e de qualidade.<\/p><p>\ud83d\udcbc <strong>2012<\/strong> \u2013 Abertura do meu pr\u00f3prio consult\u00f3rio em Uberl\u00e2ndia, um marco emocionante para oferecer um atendimento personalizado e dedicado aos pacientes.<\/p><p>Cada passo dessa jornada foi uma oportunidade de crescimento, enriquecendo-me tanto profissionalmente quanto pessoalmente. Estou comprometida em aplicar toda essa experi\u00eancia para oferecer o melhor cuidado poss\u00edvel a voc\u00ea.<\/p>\t\t\t\t\t\t\t\t<\/div>\n\t\t\t\t<\/div>\n\t\t\t\t<\/div>\n\t\t\t\t\t<\/div>\n\t\t\t\t<\/div>\n\t\t\t\t<\/div>\n\t\t","protected":false},"excerpt":{"rendered":"<p>DRA. JANA\u00cdNA BORGES CALDAS CRMMG 40869 | RQE 25830 Ol\u00e1, sou a Dra. Janaina Caldas e estou honrada em fazer parte da sua jornada em dire\u00e7\u00e3o \u00e0 sa\u00fade e ao bem-estar! Minha trajet\u00f3ria acad\u00eamica foi meticulosamente moldada na Universidade Federal de Uberl\u00e2ndia, onde me aprofundei nos estudos da Endocrinologia e Metabologia para oferecer o mais [&hellip;]<\/p>\n","protected":false},"author":1,"featured_media":0,"parent":0,"menu_order":0,"comment_status":"closed","ping_status":"closed","template":"elementor_header_footer","meta":{"_joinchat":[],"footnotes":""},"class_list":["post-14","page","type-page","status-publish","hentry"],"_links":{"self":[{"href":"https:\/\/drajanainacaldas.com.br\/index.php?rest_route=\/wp\/v2\/pages\/14","targetHints":{"allow":["GET"]}}],"collection":[{"href":"https:\/\/drajanainacaldas.com.br\/index.php?rest_route=\/wp\/v2\/pages"}],"about":[{"href":"https:\/\/drajanainacaldas.com.br\/index.php?rest_route=\/wp\/v2\/types\/page"}],"author":[{"embeddable":true,"href":"https:\/\/drajanainacaldas.com.br\/index.php?rest_route=\/wp\/v2\/users\/1"}],"replies":[{"embeddable":true,"href":"https:\/\/drajanainacaldas.com.br\/index.php?rest_route=%2Fwp%2Fv2%2Fcomments&post=14"}],"version-history":[{"count":21,"href":"https:\/\/drajanainacaldas.com.br\/index.php?rest_route=\/wp\/v2\/pages\/14\/revisions"}],"predecessor-version":[{"id":527,"href":"https:\/\/drajanainacaldas.com.br\/index.php?rest_route=\/wp\/v2\/pages\/14\/revisions\/527"}],"wp:attachment":[{"href":"https:\/\/drajanainacaldas.com.br\/index.php?rest_route=%2Fwp%2Fv2%2Fmedia&parent=14"}],"curies":[{"name":"wp","href":"https:\/\/api.w.org\/{rel}","templated":true}]}}